  {"id":669,"date":"2013-09-03T13:27:48","date_gmt":"2013-09-03T11:27:48","guid":{"rendered":"http:\/\/localhost\/wp\/?page_id=669"},"modified":"2026-03-11T18:07:22","modified_gmt":"2026-03-11T16:07:22","slug":"jaunumi","status":"publish","type":"page","link":"https:\/\/shop.labi.lv\/lv\/","title":{"rendered":"Jaunumi"},"content":{"rendered":"<p><span style=\"color: green;\">P\u0113c nerakstur\u012bgi salt\u0101s ziemas Latvij\u0101 ir iest\u0101jies pavasaris.<\/span> Lai m\u012bl\u0113\u0161an\u0101s b\u016btu aizvien aizraujo\u0161a, pied\u0101v\u0101jam iepriek\u0161 par\u016bp\u0113ties par labsaj\u016btu nodro\u0161ino\u0161u farmakolo\u0123isku izstr\u0101d\u0101jumu un da\u017e\u0101d\u012bbu sniedzo\u0161u pikantu seksa rota\u013c\u013cietu ieg\u0101di. Min\u0113t\u0101s preces var nopirkt int\u012bmpr\u0113cu veikalos LABI un interneta int\u012bmpre\u010du veikal\u0101 TEV.<\/p>\n<p>Pied\u0101v\u0101jam izv\u0113l\u0113ties un ieg\u0101d\u0101ties <b>&#8220;LELO&#8221; baudas ier\u012bces, un ar nebiju\u0161i atlaidi: -49% (p\u0113rkot interneta int\u012bmpre\u010du veikal\u0101 &#8220;<a href=\"https:\/\/tev.lv\/lv\/lelo-2?viewmode=grid&amp;orderby=0&amp;pagesize=24\">TEV.LV<\/a>&#8220;)<\/b>. Izv\u0113lies no pla\u0161\u0101 sortimenta: G-punkta vibratoriem, vibratoriem ar klitora stimulatoru, klitora mas\u0113t\u0101jiem ar ska\u0146as impulsiem un vagin\u0101laj\u0101m bumbi\u0146\u0101m, kas tren\u0113 maksts un iegur\u0146a pamatnes musku\u013cus! Izv\u0113lies Skandin\u0101vu dizainu un ES kvalit\u0101ti. &#8220;LELO&#8221; savas seksa rota\u013clietas veido no medic\u012bn\u0101 izmantojama silikona! Pasteidzies &#8211; pied\u0101v\u0101jums ir sp\u0113k\u0101 kam\u0113r pre\u010du kr\u0101jumi ir veikal\u0101!<\/p>\n<p><a href=\"https:\/\/tev.lv\/lv\/lelo-2?viewmode=grid&#038;orderby=0&#038;pagesize=24&#038;price=0-1000\"><br \/>\n<img loading=\"lazy\" decoding=\"async\" class=\"aligncenter wp-image-5663 size-full\" src=\"https:\/\/shop.labi.lv\/lv\/wp-content\/uploads\/2026\/03\/Lelo-49proc-atlaide-26-03.jpg\" alt=\"\" width=\"1200\" height=\"500\" srcset=\"https:\/\/shop.labi.lv\/lv\/wp-content\/uploads\/2026\/03\/Lelo-49proc-atlaide-26-03.jpg 1200w, https:\/\/shop.labi.lv\/lv\/wp-content\/uploads\/2026\/03\/Lelo-49proc-atlaide-26-03-300x125.jpg 300w, https:\/\/shop.labi.lv\/lv\/wp-content\/uploads\/2026\/03\/Lelo-49proc-atlaide-26-03-1024x427.jpg 1024w, https:\/\/shop.labi.lv\/lv\/wp-content\/uploads\/2026\/03\/Lelo-49proc-atlaide-26-03-768x320.jpg 768w\" sizes=\"auto, (max-width: 1200px) 100vw, 1200px\" \/><br \/>\n<\/a><\/p>\n<p><img loading=\"lazy\" decoding=\"async\" class=\"aligncenter wp-image-5663 size-full\" src=\"https:\/\/shop.labi.lv\/lv\/wp-content\/uploads\/2026\/03\/Lelo-39proc-atlaide-26-03.jpg\" alt=\"\" width=\"1200\" height=\"500\" \/><\/p>\n<div style=\"text-align: center; height: 50px; width: 100%; margin: 10px auto;\">\n<div class=\"news-seperator-brownish\" style=\"width: 400px; height: 1px; display: inline-block;\"><\/div>\n<\/div>\n<p><span style=\"color: green;\">Akcija!<\/span> <b>Tot\u0101la izp\u0101rdo\u0161ana!<\/b> Gan salonos <b>&#8220;LABI&#8221;<\/b>, gan interneta veikal\u0101 <b>&#8220;TEV.LV&#8221;!<\/b> Prec\u0113m no iepriek\u0161\u0113j\u0101m kolekcij\u0101m (vis\u0101s pre\u010du grup\u0101s) pie\u0161\u0137irtas <b>atlaides l\u012bdz pat -50%<\/b>! Cenas ar atlaidi ir nor\u0101d\u012btas pie prec\u0113m!<\/p>\n<p>Izmanto iesp\u0113ju un ieg\u0101d\u0101jies kvalitat\u012bvas pieaugu\u0161o manti\u0146as (pal\u012bgier\u012bces: dildo, vibratori, erekcijas gredzeni, mas\u0101\u017eas ier\u012bces, pal\u012bgier\u012b\u010du komplekti, vagin\u0101l\u0101s un an\u0101l\u0101s bumbi\u0146as, piep\u016b\u0161am\u0101s lelles, masturbatori, u.c.), farmakolo\u0123iskus izstr\u0101d\u0101jumus (lubrikantus, uzbudin\u0101t\u0101jus, l\u012bdzek\u013cus potences uzlabo\u0161anai, l\u012bdzek\u013cus ilg\u0101kam dzimumaktam, u.c.) vai suven\u012brus no pla\u0161\u0101 sortimenta!<\/p>\n<div id='gallery-1' class='gallery galleryid-669 gallery-columns-1 gallery-size-medium'><figure class='gallery-item'>\n\t\t\t<div class='gallery-icon landscape'>\n\t\t\t\t<a href='https:\/\/shop.labi.lv\/lv\/wp-content\/uploads\/2024\/07\/confetti-baloons-1200.jpg'><img loading=\"lazy\" decoding=\"async\" width=\"300\" height=\"300\" src=\"https:\/\/shop.labi.lv\/lv\/wp-content\/uploads\/2024\/07\/confetti-baloons-1200-300x300.jpg\" class=\"attachment-medium size-medium\" alt=\"Akcija, atlaides l\u012bdz pat -50%, baloni\" aria-describedby=\"gallery-1-5522\" srcset=\"https:\/\/shop.labi.lv\/lv\/wp-content\/uploads\/2024\/07\/confetti-baloons-1200-300x300.jpg 300w, https:\/\/shop.labi.lv\/lv\/wp-content\/uploads\/2024\/07\/confetti-baloons-1200-1024x1024.jpg 1024w, https:\/\/shop.labi.lv\/lv\/wp-content\/uploads\/2024\/07\/confetti-baloons-1200-150x150.jpg 150w, https:\/\/shop.labi.lv\/lv\/wp-content\/uploads\/2024\/07\/confetti-baloons-1200-768x768.jpg 768w, https:\/\/shop.labi.lv\/lv\/wp-content\/uploads\/2024\/07\/confetti-baloons-1200.jpg 1200w\" sizes=\"auto, (max-width: 300px) 100vw, 300px\" \/><\/a>\n\t\t\t<\/div>\n\t\t\t\t<figcaption class='wp-caption-text gallery-caption' id='gallery-1-5522'>\n\t\t\t\tAkcija, atlaides l\u012bdz pat -50%, baloni\n\t\t\t\t<\/figcaption><\/figure>\n\t\t<\/div>\n\n<div style=\"text-align: center; height: 50px; width: 100%; margin: 10px auto;\">\n<div class=\"news-seperator-brownish\" style=\"width: 400px; height: 1px; display: inline-block;\"><\/div>\n<\/div>\n<p style=\"color: green;\">Esam izveidoju\u0161i jaunu rakstu par m\u016b\u017e\u012bgo jaut\u0101jumu: &#8220;<a href=\"https:\/\/shop.labi.lv\/lv\/raksti\/ko-v\u0113las-sievietes-divat\u0101-starp-palagiem\/\">Ko v\u0113las sievietes \u2013 divat\u0101, starp palagiem!?<\/a>&#8220;. T\u0101pat esam papildin\u0101ju\u0161i rakstu sada\u013cu ar noder\u012bgu st\u0101st\u012bjumu: &#8220;<a href=\"https:\/\/shop.labi.lv\/lv\/raksti\/esi-priek\u0161sp\u0113les-meistars-ar-labi\/\">Esi priek\u0161sp\u0113les meistars ar LABI<\/a>&#8220;.<\/p>\n<div style=\"text-align: center; height: 50px; width: 100%; margin: 10px auto;\">\n<div class=\"news-seperator-brownish\" style=\"width: 400px; height: 1px; display: inline-block;\"><\/div>\n<\/div>\n<p>Ja J\u016bs \u0161aub\u0101ties vai nezin\u0101t, kur izv\u0113l\u0113ties ieg\u0101d\u0101ties int\u012bmpreces, tad m\u0113s iesak\u0101m Jums iepaz\u012bties ar <a href=\"https:\/\/shop.labi.lv\/lv\/par-mums\/lab\u0101k\u0101s-cenas-garantija\/\">rakstu<\/a>, kur\u0101 izkl\u0101st\u012bts k\u0101p\u0113c <a href=\"https:\/\/shop.labi.lv\/lv\/par-mums\/lab\u0101k\u0101s-cenas-garantija\/\">pirc\u0113jiem ir izdev\u012bgi iepirkties tie\u0161i m\u016bsu veikalos<\/a> (salonos \u201e<a href=\"https:\/\/shop.labi.lv\/lv\/\" rel=\"noopener\">LABI<\/a>\u201d un interneta int\u012bmpre\u010du veikal\u0101 \u201e<a href=\"https:\/\/tev.lv\/lv\" target=\"_blank\" rel=\"noopener\">TEV.LV<\/a>\u201d).<\/p>\n<p><img loading=\"lazy\" decoding=\"async\" class=\"aligncenter wp-image-3230 size-medium\" src=\"https:\/\/shop.labi.lv\/lv\/wp-content\/uploads\/2018\/05\/bank-notes-cash-cash-box-210599-300x195.jpg\" alt=\"\" width=\"300\" height=\"195\" srcset=\"https:\/\/shop.labi.lv\/lv\/wp-content\/uploads\/2018\/05\/bank-notes-cash-cash-box-210599-300x195.jpg 300w, https:\/\/shop.labi.lv\/lv\/wp-content\/uploads\/2018\/05\/bank-notes-cash-cash-box-210599.jpg 720w\" sizes=\"auto, (max-width: 300px) 100vw, 300px\" \/><\/p>\n","protected":false},"excerpt":{"rendered":"<p>P\u0113c nerakstur\u012bgi salt\u0101s ziemas Latvij\u0101 ir iest\u0101jies pavasaris. Lai m\u012bl\u0113\u0161an\u0101s b\u016btu aizvien aizraujo\u0161a, pied\u0101v\u0101jam iepriek\u0161 par\u016bp\u0113ties par labsaj\u016btu nodro\u0161ino\u0161u farmakolo\u0123isku&hellip;<\/p>\n","protected":false},"author":1,"featured_media":0,"parent":0,"menu_order":0,"comment_status":"closed","ping_status":"closed","template":"","meta":{"footnotes":""},"class_list":["post-669","page","type-page","status-publish","hentry"],"_links":{"self":[{"href":"https:\/\/shop.labi.lv\/lv\/wp-json\/wp\/v2\/pages\/669","targetHints":{"allow":["GET"]}}],"collection":[{"href":"https:\/\/shop.labi.lv\/lv\/wp-json\/wp\/v2\/pages"}],"about":[{"href":"https:\/\/shop.labi.lv\/lv\/wp-json\/wp\/v2\/types\/page"}],"author":[{"embeddable":true,"href":"https:\/\/shop.labi.lv\/lv\/wp-json\/wp\/v2\/users\/1"}],"replies":[{"embeddable":true,"href":"https:\/\/shop.labi.lv\/lv\/wp-json\/wp\/v2\/comments?post=669"}],"version-history":[{"count":399,"href":"https:\/\/shop.labi.lv\/lv\/wp-json\/wp\/v2\/pages\/669\/revisions"}],"predecessor-version":[{"id":5664,"href":"https:\/\/shop.labi.lv\/lv\/wp-json\/wp\/v2\/pages\/669\/revisions\/5664"}],"wp:attachment":[{"href":"https:\/\/shop.labi.lv\/lv\/wp-json\/wp\/v2\/media?parent=669"}],"curies":[{"name":"wp","href":"https:\/\/api.w.org\/{rel}","templated":true}]}}