  {"id":70,"date":"2013-08-06T13:31:13","date_gmt":"2013-08-06T11:31:13","guid":{"rendered":"http:\/\/localhost\/wp\/?page_id=70"},"modified":"2023-12-19T18:10:18","modified_gmt":"2023-12-19T16:10:18","slug":"feromoni","status":"publish","type":"page","link":"https:\/\/shop.labi.lv\/lv\/int%c4%abmpreces\/feromoni\/","title":{"rendered":"Feromoni"},"content":{"rendered":"<h2>Esi iek\u0101rojams &#8211; esi alfa! <\/h2>\n<ul class=\"same-page-links\">\n<li><a href=\"https:\/\/shop.labi.lv\/lv\/int\u012bmpreces\/feromoni\/#perfume\">Smar\u017eas ar feromoniem<\/a><\/li>\n<li><a href=\"https:\/\/shop.labi.lv\/lv\/int\u012bmpreces\/feromoni\/#oils\">Mas\u0101\u017eas e\u013c\u013cas ar feromoniem<\/a><\/li>\n<li><a href=\"https:\/\/shop.labi.lv\/lv\/int\u012bmpreces\/feromoni\/#candles\">Mas\u0101\u017eas sveces ar feromoniem<\/a><\/li>\n<\/ul>\n<p>Feromonus lieto erotiskas un seksu\u0101las piesaistes efektam. Feromoni iedarbojas tie\u0161i uz cilv\u0113ka zemapzi\u0146u un palielina v\u0113lam\u0101 partnera piesaistes iesp\u0113ju.<\/p>\n<p>Salonu \u201eLABI\u201d un interneta veikal\u0101 \u201eTEV.LV\u201d sortiment\u0101 ir vair\u0101kas pre\u010du grupas, kas satur feromonus. T\u0101s ir: <a title=\"smar\u017eas ar feromoniem\" href=\"\/\/tev.lv\/lv\/feromoni-smar\u017eas?viewmode=grid&#038;orderby=0&#038;pagesize=24\" target=\"_blank\" rel=\"noopener\">smar\u017eas ar feromoniem<\/a>, <a href=\"https:\/\/tev.lv\/lv\/mas\u0101\u017eas-e\u013c\u013cas-un-sveces\" target=\"_blank\" rel=\"noopener\">mas\u0101\u017eas e\u013c\u013cas ar feromoniem<\/a> un <a href=\"https:\/\/tev.lv\/lv\/mas\u0101\u017eas-e\u013c\u013cas-un-sveces\" target=\"_blank\" rel=\"noopener\">mas\u0101\u017eas sveces ar feromoniem<\/a>.<\/p>\n<h2 id=\"perfume\">Smar\u017eas ar feromoniem<\/h2>\n<p>Smar\u017eas ar feromoniem satur \u012bpa\u0161i izstr\u0101d\u0101tas vielas &#8211; feromonus, kas iedarbojoties uz sievie\u0161u un v\u012brie\u0161u zemapzi\u0146u, izraisa stimul\u0113jo\u0161u efektu. Ikviena partnere vai partneris neapzin\u0101ti izjut\u012bs nep\u0101rvaramo erotisku auru.<\/p>\n<div id='gallery-1' class='gallery galleryid-70 gallery-columns-3 gallery-size-thumbnail'><figure class='gallery-item'>\n\t\t\t<div class='gallery-icon landscape'>\n\t\t\t\t<a href='https:\/\/shop.labi.lv\/lv\/wp-content\/uploads\/2013\/08\/hot_pheromon_gel_man.jpg'><img loading=\"lazy\" decoding=\"async\" width=\"150\" height=\"150\" src=\"https:\/\/shop.labi.lv\/lv\/wp-content\/uploads\/2013\/08\/hot_pheromon_gel_man-150x150.jpg\" class=\"attachment-thumbnail size-thumbnail\" alt=\"Hot Pheramone Gel Extra strong\" aria-describedby=\"gallery-1-792\" srcset=\"https:\/\/shop.labi.lv\/lv\/wp-content\/uploads\/2013\/08\/hot_pheromon_gel_man-150x150.jpg 150w, https:\/\/shop.labi.lv\/lv\/wp-content\/uploads\/2013\/08\/hot_pheromon_gel_man-300x300.jpg 300w, https:\/\/shop.labi.lv\/lv\/wp-content\/uploads\/2013\/08\/hot_pheromon_gel_man.jpg 450w\" sizes=\"auto, (max-width: 150px) 100vw, 150px\" \/><\/a>\n\t\t\t<\/div>\n\t\t\t\t<figcaption class='wp-caption-text gallery-caption' id='gallery-1-792'>\n\t\t\t\tGel Extra strong\n\t\t\t\t<\/figcaption><\/figure><figure class='gallery-item'>\n\t\t\t<div class='gallery-icon portrait'>\n\t\t\t\t<a href='https:\/\/shop.labi.lv\/lv\/wp-content\/uploads\/2013\/08\/mens_001.jpg'><img loading=\"lazy\" decoding=\"async\" width=\"150\" height=\"150\" src=\"https:\/\/shop.labi.lv\/lv\/wp-content\/uploads\/2013\/08\/mens_001-150x150.jpg\" class=\"attachment-thumbnail size-thumbnail\" alt=\"Men&#039;s pheramone\" aria-describedby=\"gallery-1-796\" \/><\/a>\n\t\t\t<\/div>\n\t\t\t\t<figcaption class='wp-caption-text gallery-caption' id='gallery-1-796'>\n\t\t\t\tMen&#8217;s pheramone\n\t\t\t\t<\/figcaption><\/figure><figure class='gallery-item'>\n\t\t\t<div class='gallery-icon portrait'>\n\t\t\t\t<a href='https:\/\/shop.labi.lv\/lv\/wp-content\/uploads\/2013\/08\/hot_pheromone_gel_woman_01.jpg'><img loading=\"lazy\" decoding=\"async\" width=\"150\" height=\"150\" src=\"https:\/\/shop.labi.lv\/lv\/wp-content\/uploads\/2013\/08\/hot_pheromone_gel_woman_01-150x150.jpg\" class=\"attachment-thumbnail size-thumbnail\" alt=\"Hot Pheramone Gel Extra strong\" aria-describedby=\"gallery-1-793\" \/><\/a>\n\t\t\t<\/div>\n\t\t\t\t<figcaption class='wp-caption-text gallery-caption' id='gallery-1-793'>\n\t\t\t\tGel Extra strong\n\t\t\t\t<\/figcaption><\/figure><figure class='gallery-item'>\n\t\t\t<div class='gallery-icon landscape'>\n\t\t\t\t<a href='https:\/\/shop.labi.lv\/lv\/wp-content\/uploads\/2013\/08\/hot_pheromone_twilight_man_01.jpg'><img loading=\"lazy\" decoding=\"async\" width=\"150\" height=\"150\" src=\"https:\/\/shop.labi.lv\/lv\/wp-content\/uploads\/2013\/08\/hot_pheromone_twilight_man_01-150x150.jpg\" class=\"attachment-thumbnail size-thumbnail\" alt=\"Twilight spray\" aria-describedby=\"gallery-1-795\" srcset=\"https:\/\/shop.labi.lv\/lv\/wp-content\/uploads\/2013\/08\/hot_pheromone_twilight_man_01-150x150.jpg 150w, https:\/\/shop.labi.lv\/lv\/wp-content\/uploads\/2013\/08\/hot_pheromone_twilight_man_01-300x300.jpg 300w, https:\/\/shop.labi.lv\/lv\/wp-content\/uploads\/2013\/08\/hot_pheromone_twilight_man_01.jpg 520w\" sizes=\"auto, (max-width: 150px) 100vw, 150px\" \/><\/a>\n\t\t\t<\/div>\n\t\t\t\t<figcaption class='wp-caption-text gallery-caption' id='gallery-1-795'>\n\t\t\t\tSmar\u017eas ar feromoniem Twilight spray\n\t\t\t\t<\/figcaption><\/figure><figure class='gallery-item'>\n\t\t\t<div class='gallery-icon landscape'>\n\t\t\t\t<a href='https:\/\/shop.labi.lv\/lv\/wp-content\/uploads\/2013\/08\/p6_06204320000.jpg'><img loading=\"lazy\" decoding=\"async\" width=\"150\" height=\"150\" src=\"https:\/\/shop.labi.lv\/lv\/wp-content\/uploads\/2013\/08\/p6_06204320000-150x150.jpg\" class=\"attachment-thumbnail size-thumbnail\" alt=\"P6 pheromones\" aria-describedby=\"gallery-1-797\" srcset=\"https:\/\/shop.labi.lv\/lv\/wp-content\/uploads\/2013\/08\/p6_06204320000-150x150.jpg 150w, https:\/\/shop.labi.lv\/lv\/wp-content\/uploads\/2013\/08\/p6_06204320000-300x300.jpg 300w, https:\/\/shop.labi.lv\/lv\/wp-content\/uploads\/2013\/08\/p6_06204320000.jpg 450w\" sizes=\"auto, (max-width: 150px) 100vw, 150px\" \/><\/a>\n\t\t\t<\/div>\n\t\t\t\t<figcaption class='wp-caption-text gallery-caption' id='gallery-1-797'>\n\t\t\t\tP6 pheromones\n\t\t\t\t<\/figcaption><\/figure><figure class='gallery-item'>\n\t\t\t<div class='gallery-icon landscape'>\n\t\t\t\t<a href='https:\/\/shop.labi.lv\/lv\/wp-content\/uploads\/2013\/08\/hot_pheromone_natural_spray_woman_01.jpg'><img loading=\"lazy\" decoding=\"async\" width=\"150\" height=\"150\" src=\"https:\/\/shop.labi.lv\/lv\/wp-content\/uploads\/2013\/08\/hot_pheromone_natural_spray_woman_01-150x150.jpg\" class=\"attachment-thumbnail size-thumbnail\" alt=\"Hot Pheramone Natural spray\" aria-describedby=\"gallery-1-794\" srcset=\"https:\/\/shop.labi.lv\/lv\/wp-content\/uploads\/2013\/08\/hot_pheromone_natural_spray_woman_01-150x150.jpg 150w, https:\/\/shop.labi.lv\/lv\/wp-content\/uploads\/2013\/08\/hot_pheromone_natural_spray_woman_01-300x300.jpg 300w, https:\/\/shop.labi.lv\/lv\/wp-content\/uploads\/2013\/08\/hot_pheromone_natural_spray_woman_01.jpg 520w\" sizes=\"auto, (max-width: 150px) 100vw, 150px\" \/><\/a>\n\t\t\t<\/div>\n\t\t\t\t<figcaption class='wp-caption-text gallery-caption' id='gallery-1-794'>\n\t\t\t\tNatural spray\n\t\t\t\t<\/figcaption><\/figure>\n\t\t<\/div>\n\n<p>Pied\u0101v\u0101jum\u0101 ir smar\u017eas ar feromoniem bez smar\u017eas, ar neitr\u0101lu arom\u0101tu un ar juteklisku smar\u017eu. Smar\u017eas ir pieejamas ar izsmidzin\u0101t\u0101ju (smar\u017eas) vai ar dozatoru (feromoni gela veid\u0101).<\/p>\n<h2 id=\"oils\">Mas\u0101\u017eas e\u013c\u013cas ar feromoniem<\/h2>\n<p>Ar mas\u0101\u017eas e\u013c\u013cu var v\u0113lam\u0101 partnera garast\u0101vokli pav\u0113rst Jums v\u0113lam\u0101 gultn\u0113. Sortiment\u0101 ir vair\u0101ku ra\u017eot\u0101ju produkcija.<\/p>\n<div id='gallery-2' class='gallery galleryid-70 gallery-columns-3 gallery-size-thumbnail'><figure class='gallery-item'>\n\t\t\t<div class='gallery-icon landscape'>\n\t\t\t\t<a href='https:\/\/shop.labi.lv\/lv\/wp-content\/uploads\/2016\/12\/E26845_hr.jpg'><img loading=\"lazy\" decoding=\"async\" width=\"150\" height=\"150\" src=\"https:\/\/shop.labi.lv\/lv\/wp-content\/uploads\/2016\/12\/E26845_hr-150x150.jpg\" class=\"attachment-thumbnail size-thumbnail\" alt=\"Mas\u0101\u017eas e\u013c\u013ca ar feromoniem\" aria-describedby=\"gallery-2-2028\" srcset=\"https:\/\/shop.labi.lv\/lv\/wp-content\/uploads\/2016\/12\/E26845_hr-150x150.jpg 150w, https:\/\/shop.labi.lv\/lv\/wp-content\/uploads\/2016\/12\/E26845_hr-300x300.jpg 300w, https:\/\/shop.labi.lv\/lv\/wp-content\/uploads\/2016\/12\/E26845_hr.jpg 450w\" sizes=\"auto, (max-width: 150px) 100vw, 150px\" \/><\/a>\n\t\t\t<\/div>\n\t\t\t\t<figcaption class='wp-caption-text gallery-caption' id='gallery-2-2028'>\n\t\t\t\tMas\u0101\u017eas e\u013c\u013ca ar feromoniem\n\t\t\t\t<\/figcaption><\/figure><figure class='gallery-item'>\n\t\t\t<div class='gallery-icon landscape'>\n\t\t\t\t<a href='https:\/\/shop.labi.lv\/lv\/wp-content\/uploads\/2016\/12\/E26844_hr.jpg'><img loading=\"lazy\" decoding=\"async\" width=\"150\" height=\"150\" src=\"https:\/\/shop.labi.lv\/lv\/wp-content\/uploads\/2016\/12\/E26844_hr-150x150.jpg\" class=\"attachment-thumbnail size-thumbnail\" alt=\"Mas\u0101\u017eas e\u013c\u013ca ar feromoniem\" aria-describedby=\"gallery-2-2027\" srcset=\"https:\/\/shop.labi.lv\/lv\/wp-content\/uploads\/2016\/12\/E26844_hr-150x150.jpg 150w, https:\/\/shop.labi.lv\/lv\/wp-content\/uploads\/2016\/12\/E26844_hr-300x300.jpg 300w, https:\/\/shop.labi.lv\/lv\/wp-content\/uploads\/2016\/12\/E26844_hr.jpg 450w\" sizes=\"auto, (max-width: 150px) 100vw, 150px\" \/><\/a>\n\t\t\t<\/div>\n\t\t\t\t<figcaption class='wp-caption-text gallery-caption' id='gallery-2-2027'>\n\t\t\t\tMas\u0101\u017eas e\u013c\u013ca ar feromoniem\n\t\t\t\t<\/figcaption><\/figure><figure class='gallery-item'>\n\t\t\t<div class='gallery-icon landscape'>\n\t\t\t\t<a href='https:\/\/shop.labi.lv\/lv\/wp-content\/uploads\/2016\/12\/E26843_hr.jpg'><img loading=\"lazy\" decoding=\"async\" width=\"150\" height=\"150\" src=\"https:\/\/shop.labi.lv\/lv\/wp-content\/uploads\/2016\/12\/E26843_hr-150x150.jpg\" class=\"attachment-thumbnail size-thumbnail\" alt=\"Mas\u0101\u017eas e\u013c\u013ca ar feromoniem\" aria-describedby=\"gallery-2-2026\" srcset=\"https:\/\/shop.labi.lv\/lv\/wp-content\/uploads\/2016\/12\/E26843_hr-150x150.jpg 150w, https:\/\/shop.labi.lv\/lv\/wp-content\/uploads\/2016\/12\/E26843_hr-300x300.jpg 300w, https:\/\/shop.labi.lv\/lv\/wp-content\/uploads\/2016\/12\/E26843_hr.jpg 450w\" sizes=\"auto, (max-width: 150px) 100vw, 150px\" \/><\/a>\n\t\t\t<\/div>\n\t\t\t\t<figcaption class='wp-caption-text gallery-caption' id='gallery-2-2026'>\n\t\t\t\tMas\u0101\u017eas e\u013c\u013ca ar feromoniem\n\t\t\t\t<\/figcaption><\/figure>\n\t\t<\/div>\n\n<h2 id=\"candles\">Mas\u0101\u017eas sveces ar feromoniem<\/h2>\n<p>Sveces jutekliskai erotiskai mas\u0101\u017eai. P\u0113c sveces iedeg\u0161anas, t\u0101 izplata feromonus un l\u0113n\u0101m kaus\u0113 vasku (\u012bpa\u0161u vaska mais\u012bjumu, kas neapdedzina, kad to uzlej \u0137ermenim), ko uzlejot uz atkalin\u0101ta \u0137erme\u0146a var uzreiz s\u0101kt mas\u0113t.<\/p>\n<div id='gallery-3' class='gallery galleryid-70 gallery-columns-3 gallery-size-thumbnail'><figure class='gallery-item'>\n\t\t\t<div class='gallery-icon landscape'>\n\t\t\t\t<a href='https:\/\/shop.labi.lv\/lv\/wp-content\/uploads\/2016\/12\/E26847_2_hr.jpg'><img loading=\"lazy\" decoding=\"async\" width=\"150\" height=\"150\" src=\"https:\/\/shop.labi.lv\/lv\/wp-content\/uploads\/2016\/12\/E26847_2_hr-150x150.jpg\" class=\"attachment-thumbnail size-thumbnail\" alt=\"Mas\u0101\u017eas svece ar feromoniem\" aria-describedby=\"gallery-3-2031\" srcset=\"https:\/\/shop.labi.lv\/lv\/wp-content\/uploads\/2016\/12\/E26847_2_hr-150x150.jpg 150w, https:\/\/shop.labi.lv\/lv\/wp-content\/uploads\/2016\/12\/E26847_2_hr-300x300.jpg 300w, https:\/\/shop.labi.lv\/lv\/wp-content\/uploads\/2016\/12\/E26847_2_hr.jpg 450w\" sizes=\"auto, (max-width: 150px) 100vw, 150px\" \/><\/a>\n\t\t\t<\/div>\n\t\t\t\t<figcaption class='wp-caption-text gallery-caption' id='gallery-3-2031'>\n\t\t\t\tMas\u0101\u017eas svece ar feromoniem\n\t\t\t\t<\/figcaption><\/figure><figure class='gallery-item'>\n\t\t\t<div class='gallery-icon landscape'>\n\t\t\t\t<a href='https:\/\/shop.labi.lv\/lv\/wp-content\/uploads\/2016\/12\/E26846_2_hr.jpg'><img loading=\"lazy\" decoding=\"async\" width=\"150\" height=\"150\" src=\"https:\/\/shop.labi.lv\/lv\/wp-content\/uploads\/2016\/12\/E26846_2_hr-150x150.jpg\" class=\"attachment-thumbnail size-thumbnail\" alt=\"Mas\u0101\u017eas svece ar feromoniem\" aria-describedby=\"gallery-3-2030\" srcset=\"https:\/\/shop.labi.lv\/lv\/wp-content\/uploads\/2016\/12\/E26846_2_hr-150x150.jpg 150w, https:\/\/shop.labi.lv\/lv\/wp-content\/uploads\/2016\/12\/E26846_2_hr-300x300.jpg 300w, https:\/\/shop.labi.lv\/lv\/wp-content\/uploads\/2016\/12\/E26846_2_hr.jpg 450w\" sizes=\"auto, (max-width: 150px) 100vw, 150px\" \/><\/a>\n\t\t\t<\/div>\n\t\t\t\t<figcaption class='wp-caption-text gallery-caption' id='gallery-3-2030'>\n\t\t\t\tMas\u0101\u017eas svece ar feromoniem\n\t\t\t\t<\/figcaption><\/figure><figure class='gallery-item'>\n\t\t\t<div class='gallery-icon landscape'>\n\t\t\t\t<a href='https:\/\/shop.labi.lv\/lv\/wp-content\/uploads\/2016\/12\/E26848_2_hr.jpg'><img loading=\"lazy\" decoding=\"async\" width=\"150\" height=\"150\" src=\"https:\/\/shop.labi.lv\/lv\/wp-content\/uploads\/2016\/12\/E26848_2_hr-150x150.jpg\" class=\"attachment-thumbnail size-thumbnail\" alt=\"Mas\u0101\u017eas svece ar feromoniem\" aria-describedby=\"gallery-3-2032\" srcset=\"https:\/\/shop.labi.lv\/lv\/wp-content\/uploads\/2016\/12\/E26848_2_hr-150x150.jpg 150w, https:\/\/shop.labi.lv\/lv\/wp-content\/uploads\/2016\/12\/E26848_2_hr-300x300.jpg 300w, https:\/\/shop.labi.lv\/lv\/wp-content\/uploads\/2016\/12\/E26848_2_hr.jpg 450w\" sizes=\"auto, (max-width: 150px) 100vw, 150px\" \/><\/a>\n\t\t\t<\/div>\n\t\t\t\t<figcaption class='wp-caption-text gallery-caption' id='gallery-3-2032'>\n\t\t\t\tMas\u0101\u017eas svece ar feromoniem\n\t\t\t\t<\/figcaption><\/figure>\n\t\t<\/div>\n\n<p>Sveces un \u012bpa\u0161ais vasks paredz\u0113tas visa \u0137erme\u0146a mas\u0101\u017eai.<\/p>\n","protected":false},"excerpt":{"rendered":"<p>Esi iek\u0101rojams &#8211; esi alfa! Smar\u017eas ar feromoniem Mas\u0101\u017eas e\u013c\u013cas ar feromoniem Mas\u0101\u017eas sveces ar feromoniem Feromonus lieto erotiskas un&hellip;<\/p>\n","protected":false},"author":1,"featured_media":0,"parent":9,"menu_order":0,"comment_status":"closed","ping_status":"closed","template":"","meta":{"footnotes":""},"class_list":["post-70","page","type-page","status-publish","hentry"],"_links":{"self":[{"href":"https:\/\/shop.labi.lv\/lv\/wp-json\/wp\/v2\/pages\/70","targetHints":{"allow":["GET"]}}],"collection":[{"href":"https:\/\/shop.labi.lv\/lv\/wp-json\/wp\/v2\/pages"}],"about":[{"href":"https:\/\/shop.labi.lv\/lv\/wp-json\/wp\/v2\/types\/page"}],"author":[{"embeddable":true,"href":"https:\/\/shop.labi.lv\/lv\/wp-json\/wp\/v2\/users\/1"}],"replies":[{"embeddable":true,"href":"https:\/\/shop.labi.lv\/lv\/wp-json\/wp\/v2\/comments?post=70"}],"version-history":[{"count":29,"href":"https:\/\/shop.labi.lv\/lv\/wp-json\/wp\/v2\/pages\/70\/revisions"}],"predecessor-version":[{"id":5351,"href":"https:\/\/shop.labi.lv\/lv\/wp-json\/wp\/v2\/pages\/70\/revisions\/5351"}],"up":[{"embeddable":true,"href":"https:\/\/shop.labi.lv\/lv\/wp-json\/wp\/v2\/pages\/9"}],"wp:attachment":[{"href":"https:\/\/shop.labi.lv\/lv\/wp-json\/wp\/v2\/media?parent=70"}],"curies":[{"name":"wp","href":"https:\/\/api.w.org\/{rel}","templated":true}]}}