  {"id":73,"date":"2013-08-06T13:31:36","date_gmt":"2013-08-06T11:31:36","guid":{"rendered":"http:\/\/localhost\/wp\/?page_id=73"},"modified":"2023-12-19T21:23:01","modified_gmt":"2023-12-19T19:23:01","slug":"pal%c4%abgier%c4%abces","status":"publish","type":"page","link":"https:\/\/shop.labi.lv\/lv\/int%c4%abmpreces\/pal%c4%abgier%c4%abces\/","title":{"rendered":"Pal\u012bgier\u012bces"},"content":{"rendered":"<p>Vibratori \u2014 sortiment\u0101 <a title=\"da\u017e\u0101di vibratoru veidi\" href=\"https:\/\/tev.lv\/lv\/vibratori\" target=\"_blank\" rel=\"noopener\">da\u017e\u0101di vibratoru veidi<\/a> \u2014 <a title=\"vagin\u0101lie vibratori\" href=\"https:\/\/tev.lv\/lv\/vagin\u0101lie-vibratori\" target=\"_blank\" rel=\"noopener\">vagin\u0101lie<\/a>, <a title=\"vagin\u0101lie vibratori ar klitora stimulatoru\" href=\"https:\/\/tev.lv\/lv\/vibratori-ar-klitora-stimul\u0101ciju\" target=\"_blank\" rel=\"noopener\">vagin\u0101lie ar klitora stimulatoru<\/a>, <a title=\"vagin\u0101li-an\u0101lie vibratori\" href=\"https:\/\/tev.lv\/lv\/vagin\u0101li-an\u0101lie-vibratori\" target=\"_blank\" rel=\"noopener\">vagin\u0101li-an\u0101lie<\/a>, ar izci\u013c\u0146iem \u2014 viss J\u016bsu labsaj\u016btai. Ja Jums apnikusi l\u012bdz\u0161in\u0113j\u0101 seksu\u0101la dz\u012bve, pied\u0101v\u0101jam izm\u0113\u0123in\u0101t lietot vibratoru priek\u0161sp\u0113les vai\/un dzimumakta laik\u0101, papildinot to!<\/p>\n<div id='gallery-1' class='gallery galleryid-73 gallery-columns-3 gallery-size-thumbnail'><figure class='gallery-item'>\n\t\t\t<div class='gallery-icon landscape'>\n\t\t\t\t<a href='https:\/\/shop.labi.lv\/lv\/wp-content\/uploads\/2013\/08\/dirty_girls_starpon_001.jpg'><img loading=\"lazy\" decoding=\"async\" width=\"150\" height=\"150\" src=\"https:\/\/shop.labi.lv\/lv\/wp-content\/uploads\/2013\/08\/dirty_girls_starpon_001-150x150.jpg\" class=\"attachment-thumbnail size-thumbnail\" alt=\"Dirty Girls Strap-on\" aria-describedby=\"gallery-1-800\" srcset=\"https:\/\/shop.labi.lv\/lv\/wp-content\/uploads\/2013\/08\/dirty_girls_starpon_001-150x150.jpg 150w, https:\/\/shop.labi.lv\/lv\/wp-content\/uploads\/2013\/08\/dirty_girls_starpon_001-300x300.jpg 300w, https:\/\/shop.labi.lv\/lv\/wp-content\/uploads\/2013\/08\/dirty_girls_starpon_001.jpg 450w\" sizes=\"auto, (max-width: 150px) 100vw, 150px\" \/><\/a>\n\t\t\t<\/div>\n\t\t\t\t<figcaption class='wp-caption-text gallery-caption' id='gallery-1-800'>\n\t\t\t\tDirty Girls Strap-on\n\t\t\t\t<\/figcaption><\/figure><figure class='gallery-item'>\n\t\t\t<div class='gallery-icon landscape'>\n\t\t\t\t<a href='https:\/\/shop.labi.lv\/lv\/wp-content\/uploads\/2013\/08\/justin_kredible_101.jpg'><img loading=\"lazy\" decoding=\"async\" width=\"150\" height=\"150\" src=\"https:\/\/shop.labi.lv\/lv\/wp-content\/uploads\/2013\/08\/justin_kredible_101-150x150.jpg\" class=\"attachment-thumbnail size-thumbnail\" alt=\"Justin Kredible\" aria-describedby=\"gallery-1-801\" srcset=\"https:\/\/shop.labi.lv\/lv\/wp-content\/uploads\/2013\/08\/justin_kredible_101-150x150.jpg 150w, https:\/\/shop.labi.lv\/lv\/wp-content\/uploads\/2013\/08\/justin_kredible_101-300x300.jpg 300w, https:\/\/shop.labi.lv\/lv\/wp-content\/uploads\/2013\/08\/justin_kredible_101.jpg 450w\" sizes=\"auto, (max-width: 150px) 100vw, 150px\" \/><\/a>\n\t\t\t<\/div>\n\t\t\t\t<figcaption class='wp-caption-text gallery-caption' id='gallery-1-801'>\n\t\t\t\tVibrators ar pies\u016bcekni\n\t\t\t\t<\/figcaption><\/figure><figure class='gallery-item'>\n\t\t\t<div class='gallery-icon portrait'>\n\t\t\t\t<a href='https:\/\/shop.labi.lv\/lv\/wp-content\/uploads\/2013\/08\/05690870000.jpg'><img loading=\"lazy\" decoding=\"async\" width=\"150\" height=\"150\" src=\"https:\/\/shop.labi.lv\/lv\/wp-content\/uploads\/2013\/08\/05690870000-150x150.jpg\" class=\"attachment-thumbnail size-thumbnail\" alt=\"3 punktu vibrators\" aria-describedby=\"gallery-1-799\" \/><\/a>\n\t\t\t<\/div>\n\t\t\t\t<figcaption class='wp-caption-text gallery-caption' id='gallery-1-799'>\n\t\t\t\t3 punktu vibrators\n\t\t\t\t<\/figcaption><\/figure>\n\t\t<\/div>\n\n<p><a title=\"Dildo jeb falla imitatori\" href=\"https:\/\/tev.lv\/lv\/dildo-jeb-falla-imit\u0101tori\" target=\"_blank\" rel=\"noopener\">Dildo jeb falla imitatori<\/a> da\u017e\u0101das formas un <a href=\"https:\/\/shop.labi.lv\/lv\/raksti\/int\u012bmpre\u010du-materi\u0101lu-gids\/\">materi\u0101li<\/a> (da\u017e\u0101da izm\u0113ra, <a title=\"dildo ar izci\u013c\u0146iem\" href=\"https:\/\/tev.lv\/lv\/vagin\u0101li-an\u0101lie-dildo\" target=\"_blank\" rel=\"noopener\">ar izci\u013c\u0146iem<\/a>, <a title=\"dildo ar v\u0113nu t\u012bklojumu\" href=\"https:\/\/tev.lv\/lv\/search?q=real\" target=\"_blank\" rel=\"noopener\">ar v\u0113nu t\u012bklojumu<\/a>).<\/p>\n<div id='gallery-2' class='gallery galleryid-73 gallery-columns-3 gallery-size-thumbnail'><figure class='gallery-item'>\n\t\t\t<div class='gallery-icon landscape'>\n\t\t\t\t<a href='https:\/\/shop.labi.lv\/lv\/wp-content\/uploads\/2013\/08\/jelly_superior_violet_001.jpg'><img loading=\"lazy\" decoding=\"async\" width=\"150\" height=\"150\" src=\"https:\/\/shop.labi.lv\/lv\/wp-content\/uploads\/2013\/08\/jelly_superior_violet_001-150x150.jpg\" class=\"attachment-thumbnail size-thumbnail\" alt=\"Dildo\" aria-describedby=\"gallery-2-805\" srcset=\"https:\/\/shop.labi.lv\/lv\/wp-content\/uploads\/2013\/08\/jelly_superior_violet_001-150x150.jpg 150w, https:\/\/shop.labi.lv\/lv\/wp-content\/uploads\/2013\/08\/jelly_superior_violet_001-300x300.jpg 300w, https:\/\/shop.labi.lv\/lv\/wp-content\/uploads\/2013\/08\/jelly_superior_violet_001.jpg 450w\" sizes=\"auto, (max-width: 150px) 100vw, 150px\" \/><\/a>\n\t\t\t<\/div>\n\t\t\t\t<figcaption class='wp-caption-text gallery-caption' id='gallery-2-805'>\n\t\t\t\tDildo\n\t\t\t\t<\/figcaption><\/figure><figure class='gallery-item'>\n\t\t\t<div class='gallery-icon landscape'>\n\t\t\t\t<a href='https:\/\/shop.labi.lv\/lv\/wp-content\/uploads\/2013\/08\/n3941_dr_joel_prostate_probe.jpg'><img loading=\"lazy\" decoding=\"async\" width=\"150\" height=\"150\" src=\"https:\/\/shop.labi.lv\/lv\/wp-content\/uploads\/2013\/08\/n3941_dr_joel_prostate_probe-150x150.jpg\" class=\"attachment-thumbnail size-thumbnail\" alt=\"Prostatas stimulators\" aria-describedby=\"gallery-2-806\" srcset=\"https:\/\/shop.labi.lv\/lv\/wp-content\/uploads\/2013\/08\/n3941_dr_joel_prostate_probe-150x150.jpg 150w, https:\/\/shop.labi.lv\/lv\/wp-content\/uploads\/2013\/08\/n3941_dr_joel_prostate_probe-300x300.jpg 300w, https:\/\/shop.labi.lv\/lv\/wp-content\/uploads\/2013\/08\/n3941_dr_joel_prostate_probe.jpg 450w\" sizes=\"auto, (max-width: 150px) 100vw, 150px\" \/><\/a>\n\t\t\t<\/div>\n\t\t\t\t<figcaption class='wp-caption-text gallery-caption' id='gallery-2-806'>\n\t\t\t\tProstatas stimulators\n\t\t\t\t<\/figcaption><\/figure><figure class='gallery-item'>\n\t\t\t<div class='gallery-icon landscape'>\n\t\t\t\t<a href='https:\/\/shop.labi.lv\/lv\/wp-content\/uploads\/2013\/08\/alexs_real_penis_002.jpg'><img loading=\"lazy\" decoding=\"async\" width=\"150\" height=\"150\" src=\"https:\/\/shop.labi.lv\/lv\/wp-content\/uploads\/2013\/08\/alexs_real_penis_002-150x150.jpg\" class=\"attachment-thumbnail size-thumbnail\" alt=\"Dildo Alex&#039;s real penis\" aria-describedby=\"gallery-2-804\" srcset=\"https:\/\/shop.labi.lv\/lv\/wp-content\/uploads\/2013\/08\/alexs_real_penis_002-150x150.jpg 150w, https:\/\/shop.labi.lv\/lv\/wp-content\/uploads\/2013\/08\/alexs_real_penis_002-300x300.jpg 300w, https:\/\/shop.labi.lv\/lv\/wp-content\/uploads\/2013\/08\/alexs_real_penis_002.jpg 450w\" sizes=\"auto, (max-width: 150px) 100vw, 150px\" \/><\/a>\n\t\t\t<\/div>\n\t\t\t\t<figcaption class='wp-caption-text gallery-caption' id='gallery-2-804'>\n\t\t\t\tDildo Alex&#8217;s real penis\n\t\t\t\t<\/figcaption><\/figure>\n\t\t<\/div>\n\n<p>Imitatori \u2014 <a title=\"piep\u016b\u0161am\u0101s lelles\" href=\"https:\/\/tev.lv\/lv\/piep\u016b\u0161am\u0101s-lelles\" target=\"_blank\" rel=\"noopener\">piep\u016b\u0161am\u0101s lelles<\/a> jeb seksa manekeni \u2014 piem\u0113roti k\u0101 v\u012brie\u0161iem, t\u0101 ar\u012b sieviet\u0113m. Re\u0101la izm\u0113ra <a title=\"m\u0101ksl\u012bgas vag\u012bnas\" href=\"https:\/\/tev.lv\/lv\/re\u0101la-izm\u0113ra-vag\u012bnas\" target=\"_blank\" rel=\"noopener\">vag\u012bnas<\/a>, <a title=\"m\u0101ksl\u012bgie \u0101nusi\" href=\"https:\/\/tev.lv\/lv\/vagin\u0101li-an\u0101l\u0101-seksa-imitatori\" target=\"_blank\" rel=\"noopener\">\u0101nusi<\/a> un <a title=\"m\u0101ksl\u012bg\u0101s mutes\" href=\"https:\/\/tev.lv\/lv\/or\u0101l\u0101-seksa-imitatori\" target=\"_blank\" rel=\"noopener\">mutes<\/a> saldkaisles br\u012b\u017eiem.<\/p>\n<div id='gallery-3' class='gallery galleryid-73 gallery-columns-3 gallery-size-thumbnail'><figure class='gallery-item'>\n\t\t\t<div class='gallery-icon landscape'>\n\t\t\t\t<a href='https:\/\/shop.labi.lv\/lv\/wp-content\/uploads\/2013\/08\/680000040597.jpg'><img loading=\"lazy\" decoding=\"async\" width=\"150\" height=\"150\" src=\"https:\/\/shop.labi.lv\/lv\/wp-content\/uploads\/2013\/08\/680000040597-150x150.jpg\" class=\"attachment-thumbnail size-thumbnail\" alt=\"M\u0101ksl\u012bg\u0101 vag\u012bna ar vibr\u0101ciju\" aria-describedby=\"gallery-3-2084\" srcset=\"https:\/\/shop.labi.lv\/lv\/wp-content\/uploads\/2013\/08\/680000040597-150x150.jpg 150w, https:\/\/shop.labi.lv\/lv\/wp-content\/uploads\/2013\/08\/680000040597-300x300.jpg 300w, https:\/\/shop.labi.lv\/lv\/wp-content\/uploads\/2013\/08\/680000040597.jpg 450w\" sizes=\"auto, (max-width: 150px) 100vw, 150px\" \/><\/a>\n\t\t\t<\/div>\n\t\t\t\t<figcaption class='wp-caption-text gallery-caption' id='gallery-3-2084'>\n\t\t\t\tM\u0101ksl\u012bg\u0101 vag\u012bna ar vibr\u0101ciju\n\t\t\t\t<\/figcaption><\/figure><figure class='gallery-item'>\n\t\t\t<div class='gallery-icon landscape'>\n\t\t\t\t<a href='https:\/\/shop.labi.lv\/lv\/wp-content\/uploads\/2013\/08\/3000012140_1.jpg'><img loading=\"lazy\" decoding=\"async\" width=\"150\" height=\"150\" src=\"https:\/\/shop.labi.lv\/lv\/wp-content\/uploads\/2013\/08\/3000012140_1-150x150.jpg\" class=\"attachment-thumbnail size-thumbnail\" alt=\"Piep\u016b\u0161am\u0101 lelle\" aria-describedby=\"gallery-3-2086\" srcset=\"https:\/\/shop.labi.lv\/lv\/wp-content\/uploads\/2013\/08\/3000012140_1-150x150.jpg 150w, https:\/\/shop.labi.lv\/lv\/wp-content\/uploads\/2013\/08\/3000012140_1-300x300.jpg 300w, https:\/\/shop.labi.lv\/lv\/wp-content\/uploads\/2013\/08\/3000012140_1.jpg 450w\" sizes=\"auto, (max-width: 150px) 100vw, 150px\" \/><\/a>\n\t\t\t<\/div>\n\t\t\t\t<figcaption class='wp-caption-text gallery-caption' id='gallery-3-2086'>\n\t\t\t\tPiep\u016b\u0161am\u0101 lelle\n\t\t\t\t<\/figcaption><\/figure><figure class='gallery-item'>\n\t\t\t<div class='gallery-icon landscape'>\n\t\t\t\t<a href='https:\/\/shop.labi.lv\/lv\/wp-content\/uploads\/2013\/08\/3001532901.jpg'><img loading=\"lazy\" decoding=\"async\" width=\"150\" height=\"150\" src=\"https:\/\/shop.labi.lv\/lv\/wp-content\/uploads\/2013\/08\/3001532901-150x150.jpg\" class=\"attachment-thumbnail size-thumbnail\" alt=\"M\u0101ksl\u012bg\u0101 vag\u012bna\" aria-describedby=\"gallery-3-2083\" srcset=\"https:\/\/shop.labi.lv\/lv\/wp-content\/uploads\/2013\/08\/3001532901-150x150.jpg 150w, https:\/\/shop.labi.lv\/lv\/wp-content\/uploads\/2013\/08\/3001532901-300x300.jpg 300w, https:\/\/shop.labi.lv\/lv\/wp-content\/uploads\/2013\/08\/3001532901.jpg 450w\" sizes=\"auto, (max-width: 150px) 100vw, 150px\" \/><\/a>\n\t\t\t<\/div>\n\t\t\t\t<figcaption class='wp-caption-text gallery-caption' id='gallery-3-2083'>\n\t\t\t\tM\u0101ksl\u012bg\u0101 vag\u012bna\n\t\t\t\t<\/figcaption><\/figure>\n\t\t<\/div>\n\n<p><a title=\"uzmavas un man\u0161etes\" href=\"https:\/\/tev.lv\/lv\/uzmavas-un-man\u017eetes-loceklim-vai-vibratoram\" target=\"_blank\" rel=\"noopener\">Uzmavas, man\u0161etes<\/a> loceklim vai vibratoram un <a title=\"erekcijas gredzeni\" href=\"https:\/\/tev.lv\/lv\/erekcijas-gredzeni\" target=\"_blank\" rel=\"noopener\">erekcijas gredzeni<\/a> da\u017e\u0101dos J\u016bsu seksu\u0101lo dz\u012bvi. Pied\u0101v\u0101jam locek\u013ca uzmavas, kas padara locekli gar\u0101ku un resn\u0101ku, k\u0101 ar\u012b da\u017e\u0101dus erekcijas gredzenus. Sortiment\u0101 ar\u012b ir locek\u013ca uzmavu komplekti.<\/p>\n<div id='gallery-4' class='gallery galleryid-73 gallery-columns-3 gallery-size-thumbnail'><figure class='gallery-item'>\n\t\t\t<div class='gallery-icon landscape'>\n\t\t\t\t<a href='https:\/\/shop.labi.lv\/lv\/wp-content\/uploads\/2013\/08\/se-1417-00-2_1.jpg'><img loading=\"lazy\" decoding=\"async\" width=\"150\" height=\"150\" src=\"https:\/\/shop.labi.lv\/lv\/wp-content\/uploads\/2013\/08\/se-1417-00-2_1-150x150.jpg\" class=\"attachment-thumbnail size-thumbnail\" alt=\"Erekcijas gredzeni\" aria-describedby=\"gallery-4-809\" srcset=\"https:\/\/shop.labi.lv\/lv\/wp-content\/uploads\/2013\/08\/se-1417-00-2_1-150x150.jpg 150w, https:\/\/shop.labi.lv\/lv\/wp-content\/uploads\/2013\/08\/se-1417-00-2_1-300x300.jpg 300w, https:\/\/shop.labi.lv\/lv\/wp-content\/uploads\/2013\/08\/se-1417-00-2_1.jpg 450w\" sizes=\"auto, (max-width: 150px) 100vw, 150px\" \/><\/a>\n\t\t\t<\/div>\n\t\t\t\t<figcaption class='wp-caption-text gallery-caption' id='gallery-4-809'>\n\t\t\t\tErekcijas gredzeni\n\t\t\t\t<\/figcaption><\/figure><figure class='gallery-item'>\n\t\t\t<div class='gallery-icon landscape'>\n\t\t\t\t<a href='https:\/\/shop.labi.lv\/lv\/wp-content\/uploads\/2013\/08\/sleeve_0100_v1_pink.jpg'><img loading=\"lazy\" decoding=\"async\" width=\"150\" height=\"150\" src=\"https:\/\/shop.labi.lv\/lv\/wp-content\/uploads\/2013\/08\/sleeve_0100_v1_pink-150x150.jpg\" class=\"attachment-thumbnail size-thumbnail\" alt=\"Uzmava\" aria-describedby=\"gallery-4-810\" srcset=\"https:\/\/shop.labi.lv\/lv\/wp-content\/uploads\/2013\/08\/sleeve_0100_v1_pink-150x150.jpg 150w, https:\/\/shop.labi.lv\/lv\/wp-content\/uploads\/2013\/08\/sleeve_0100_v1_pink-300x300.jpg 300w, https:\/\/shop.labi.lv\/lv\/wp-content\/uploads\/2013\/08\/sleeve_0100_v1_pink.jpg 500w\" sizes=\"auto, (max-width: 150px) 100vw, 150px\" \/><\/a>\n\t\t\t<\/div>\n\t\t\t\t<figcaption class='wp-caption-text gallery-caption' id='gallery-4-810'>\n\t\t\t\tUzmava\n\t\t\t\t<\/figcaption><\/figure><figure class='gallery-item'>\n\t\t\t<div class='gallery-icon landscape'>\n\t\t\t\t<a href='https:\/\/shop.labi.lv\/lv\/wp-content\/uploads\/2013\/08\/screw_me_penis_ring_001.jpg'><img loading=\"lazy\" decoding=\"async\" width=\"150\" height=\"150\" src=\"https:\/\/shop.labi.lv\/lv\/wp-content\/uploads\/2013\/08\/screw_me_penis_ring_001-150x150.jpg\" class=\"attachment-thumbnail size-thumbnail\" alt=\"Screw me penis ring\" aria-describedby=\"gallery-4-808\" srcset=\"https:\/\/shop.labi.lv\/lv\/wp-content\/uploads\/2013\/08\/screw_me_penis_ring_001-150x150.jpg 150w, https:\/\/shop.labi.lv\/lv\/wp-content\/uploads\/2013\/08\/screw_me_penis_ring_001-300x300.jpg 300w, https:\/\/shop.labi.lv\/lv\/wp-content\/uploads\/2013\/08\/screw_me_penis_ring_001.jpg 450w\" sizes=\"auto, (max-width: 150px) 100vw, 150px\" \/><\/a>\n\t\t\t<\/div>\n\t\t\t\t<figcaption class='wp-caption-text gallery-caption' id='gallery-4-808'>\n\t\t\t\tScrew me erekcijas gredzens\n\t\t\t\t<\/figcaption><\/figure>\n\t\t<\/div>\n\n<p><a title=\"Vakuums\u016bk\u0146i\" href=\"https:\/\/tev.lv\/lv\/vakuums\u016bk\u0146i-un-aksesu\u0101ri\" target=\"_blank\" rel=\"noopener\">Vakuums\u016bk\u0146i<\/a> un to aksesu\u0101ri \u2014 dzimumlocek\u013ca vakuums\u016bk\u0146i v\u012brie\u0161iem un <a title=\"klitora un kaunuma l\u016bpu s\u016bk\u0146i\" href=\"https:\/\/tev.lv\/lv\/mas\u0101\u017eas-ier\u012bces\" target=\"_blank\" rel=\"noopener\">klitora, kaunuma l\u016bpu<\/a>, k\u0101 ar\u012b <a title=\"kr\u016b\u0161u s\u016bkn\u012btis\" href=\"https:\/\/tev.lv\/lv\/mas\u0101\u017eas-ier\u012bces\" target=\"_blank\" rel=\"noopener\">kr\u016b\u0161u s\u016bkn\u012b\u0161i<\/a> sieviet\u0113m.<\/p>\n<div id='gallery-5' class='gallery galleryid-73 gallery-columns-3 gallery-size-thumbnail'><figure class='gallery-item'>\n\t\t\t<div class='gallery-icon landscape'>\n\t\t\t\t<a href='https:\/\/shop.labi.lv\/lv\/wp-content\/uploads\/2013\/08\/3000000976_21.jpg'><img loading=\"lazy\" decoding=\"async\" width=\"150\" height=\"150\" src=\"https:\/\/shop.labi.lv\/lv\/wp-content\/uploads\/2013\/08\/3000000976_21-150x150.jpg\" class=\"attachment-thumbnail size-thumbnail\" alt=\"Kr\u016b\u0161u s\u016bknis\" aria-describedby=\"gallery-5-812\" srcset=\"https:\/\/shop.labi.lv\/lv\/wp-content\/uploads\/2013\/08\/3000000976_21-150x150.jpg 150w, https:\/\/shop.labi.lv\/lv\/wp-content\/uploads\/2013\/08\/3000000976_21-300x300.jpg 300w, https:\/\/shop.labi.lv\/lv\/wp-content\/uploads\/2013\/08\/3000000976_21.jpg 450w\" sizes=\"auto, (max-width: 150px) 100vw, 150px\" \/><\/a>\n\t\t\t<\/div>\n\t\t\t\t<figcaption class='wp-caption-text gallery-caption' id='gallery-5-812'>\n\t\t\t\tKr\u016b\u0161u s\u016bknis\n\t\t\t\t<\/figcaption><\/figure><figure class='gallery-item'>\n\t\t\t<div class='gallery-icon landscape'>\n\t\t\t\t<a href='https:\/\/shop.labi.lv\/lv\/wp-content\/uploads\/2013\/08\/05215580000.jpg'><img loading=\"lazy\" decoding=\"async\" width=\"150\" height=\"150\" src=\"https:\/\/shop.labi.lv\/lv\/wp-content\/uploads\/2013\/08\/05215580000-150x150.jpg\" class=\"attachment-thumbnail size-thumbnail\" alt=\"Klitora s\u016bkn\u012btis\" aria-describedby=\"gallery-5-813\" \/><\/a>\n\t\t\t<\/div>\n\t\t\t\t<figcaption class='wp-caption-text gallery-caption' id='gallery-5-813'>\n\t\t\t\tKlitora s\u016bkn\u012btis\n\t\t\t\t<\/figcaption><\/figure><figure class='gallery-item'>\n\t\t\t<div class='gallery-icon portrait'>\n\t\t\t\t<a href='https:\/\/shop.labi.lv\/lv\/wp-content\/uploads\/2013\/08\/pump_01_violet.jpg'><img loading=\"lazy\" decoding=\"async\" width=\"150\" height=\"150\" src=\"https:\/\/shop.labi.lv\/lv\/wp-content\/uploads\/2013\/08\/pump_01_violet-150x150.jpg\" class=\"attachment-thumbnail size-thumbnail\" alt=\"Dzimumlocek\u013ca s\u016bknis\" aria-describedby=\"gallery-5-814\" \/><\/a>\n\t\t\t<\/div>\n\t\t\t\t<figcaption class='wp-caption-text gallery-caption' id='gallery-5-814'>\n\t\t\t\tDzimumlocek\u013ca s\u016bknis\n\t\t\t\t<\/figcaption><\/figure>\n\t\t<\/div>\n\n<p><a title=\"Locek\u013ca prot\u0113zes\" href=\"https:\/\/tev.lv\/lv\/locek\u013ca-prot\u0113zes\" target=\"_blank\" rel=\"noopener\">Locek\u013ca prot\u0113zes<\/a> un <a title=\"strap-on dildo\" href=\"https:\/\/tev.lv\/lv\/strap-on-dildo\" target=\"_blank\" rel=\"noopener\">strap-on dildo<\/a> un <a title=\"strap-on vibratori\" href=\"https:\/\/tev.lv\/lv\/strap-on-vibratori\" target=\"_blank\" rel=\"noopener\">strap-on vibratori<\/a> pla\u0161\u0101 sortiment\u0101 mode\u013ci, gan sieviet\u0113m, gan v\u012brie\u0161iem.<\/p>\n<div id='gallery-6' class='gallery galleryid-73 gallery-columns-3 gallery-size-thumbnail'><figure class='gallery-item'>\n\t\t\t<div class='gallery-icon landscape'>\n\t\t\t\t<a href='https:\/\/shop.labi.lv\/lv\/wp-content\/uploads\/2013\/08\/l_V009R4X032R4_0002.jpg'><img loading=\"lazy\" decoding=\"async\" width=\"150\" height=\"150\" src=\"https:\/\/shop.labi.lv\/lv\/wp-content\/uploads\/2013\/08\/l_V009R4X032R4_0002-150x150.jpg\" class=\"attachment-thumbnail size-thumbnail\" alt=\"Strap-on\" aria-describedby=\"gallery-6-817\" srcset=\"https:\/\/shop.labi.lv\/lv\/wp-content\/uploads\/2013\/08\/l_V009R4X032R4_0002-150x150.jpg 150w, https:\/\/shop.labi.lv\/lv\/wp-content\/uploads\/2013\/08\/l_V009R4X032R4_0002-300x300.jpg 300w, https:\/\/shop.labi.lv\/lv\/wp-content\/uploads\/2013\/08\/l_V009R4X032R4_0002.jpg 450w\" sizes=\"auto, (max-width: 150px) 100vw, 150px\" \/><\/a>\n\t\t\t<\/div>\n\t\t\t\t<figcaption class='wp-caption-text gallery-caption' id='gallery-6-817'>\n\t\t\t\tStrap-on\n\t\t\t\t<\/figcaption><\/figure><figure class='gallery-item'>\n\t\t\t<div class='gallery-icon landscape'>\n\t\t\t\t<a href='https:\/\/shop.labi.lv\/lv\/wp-content\/uploads\/2013\/08\/romantic_charmer_dildo_vibrator_001.jpg'><img loading=\"lazy\" decoding=\"async\" width=\"150\" height=\"150\" src=\"https:\/\/shop.labi.lv\/lv\/wp-content\/uploads\/2013\/08\/romantic_charmer_dildo_vibrator_001-150x150.jpg\" class=\"attachment-thumbnail size-thumbnail\" alt=\"Vibrators Romantic charmer\" aria-describedby=\"gallery-6-818\" srcset=\"https:\/\/shop.labi.lv\/lv\/wp-content\/uploads\/2013\/08\/romantic_charmer_dildo_vibrator_001-150x150.jpg 150w, https:\/\/shop.labi.lv\/lv\/wp-content\/uploads\/2013\/08\/romantic_charmer_dildo_vibrator_001-300x300.jpg 300w, https:\/\/shop.labi.lv\/lv\/wp-content\/uploads\/2013\/08\/romantic_charmer_dildo_vibrator_001.jpg 450w\" sizes=\"auto, (max-width: 150px) 100vw, 150px\" \/><\/a>\n\t\t\t<\/div>\n\t\t\t\t<figcaption class='wp-caption-text gallery-caption' id='gallery-6-818'>\n\t\t\t\tVibrators Romantic charmer\n\t\t\t\t<\/figcaption><\/figure><figure class='gallery-item'>\n\t\t\t<div class='gallery-icon landscape'>\n\t\t\t\t<a href='https:\/\/shop.labi.lv\/lv\/wp-content\/uploads\/2013\/08\/japan_shadow_vibe_001.jpg'><img loading=\"lazy\" decoding=\"async\" width=\"150\" height=\"150\" src=\"https:\/\/shop.labi.lv\/lv\/wp-content\/uploads\/2013\/08\/japan_shadow_vibe_001-150x150.jpg\" class=\"attachment-thumbnail size-thumbnail\" alt=\"Jap\u0101\u0146u vibratiors Shadow\" aria-describedby=\"gallery-6-816\" srcset=\"https:\/\/shop.labi.lv\/lv\/wp-content\/uploads\/2013\/08\/japan_shadow_vibe_001-150x150.jpg 150w, https:\/\/shop.labi.lv\/lv\/wp-content\/uploads\/2013\/08\/japan_shadow_vibe_001-300x300.jpg 300w, https:\/\/shop.labi.lv\/lv\/wp-content\/uploads\/2013\/08\/japan_shadow_vibe_001.jpg 450w\" sizes=\"auto, (max-width: 150px) 100vw, 150px\" \/><\/a>\n\t\t\t<\/div>\n\t\t\t\t<figcaption class='wp-caption-text gallery-caption' id='gallery-6-816'>\n\t\t\t\tJap\u0101\u0146u vibratiors Shadow\n\t\t\t\t<\/figcaption><\/figure>\n\t\t<\/div>\n\n<p>Bumbi\u0146as! M\u012b\u013c\u0101s d\u0101mas \u2014 jau \u0161odien J\u016bs varat pie mums ieg\u0101d\u0101ties slaven\u0101s bumbi\u0146as, kas galvenok\u0101rt paredz\u0113tas maksts musku\u013cu tren\u0113\u0161anai: pied\u0101v\u0101jam <a title=\"vagin\u0101l\u0101s un an\u0101l\u0101s bumbi\u0146as\" href=\"https:\/\/tev.lv\/lv\/vagin\u0101l\u0101s-un-an\u0101l\u0101s-bumbi\u0146as?pagenumber=1&#038;viewmode=grid&#038;pagesize=24\" target=\"_blank\" rel=\"noopener\">gan vagin\u0101l\u0101s, gan an\u0101l\u0101s bumbi\u0146as<\/a>.<\/p>\n<div id='gallery-7' class='gallery galleryid-73 gallery-columns-3 gallery-size-thumbnail'><figure class='gallery-item'>\n\t\t\t<div class='gallery-icon landscape'>\n\t\t\t\t<a href='https:\/\/shop.labi.lv\/lv\/wp-content\/uploads\/2013\/08\/smile_sporty_white_001.jpg'><img loading=\"lazy\" decoding=\"async\" width=\"150\" height=\"150\" src=\"https:\/\/shop.labi.lv\/lv\/wp-content\/uploads\/2013\/08\/smile_sporty_white_001-150x150.jpg\" class=\"attachment-thumbnail size-thumbnail\" alt=\"Vagin\u0101l\u0101s bumbi\u0146as\" aria-describedby=\"gallery-7-822\" srcset=\"https:\/\/shop.labi.lv\/lv\/wp-content\/uploads\/2013\/08\/smile_sporty_white_001-150x150.jpg 150w, https:\/\/shop.labi.lv\/lv\/wp-content\/uploads\/2013\/08\/smile_sporty_white_001-300x300.jpg 300w, https:\/\/shop.labi.lv\/lv\/wp-content\/uploads\/2013\/08\/smile_sporty_white_001.jpg 450w\" sizes=\"auto, (max-width: 150px) 100vw, 150px\" \/><\/a>\n\t\t\t<\/div>\n\t\t\t\t<figcaption class='wp-caption-text gallery-caption' id='gallery-7-822'>\n\t\t\t\tVagin\u0101l\u0101s bumbi\u0146as\n\t\t\t\t<\/figcaption><\/figure><figure class='gallery-item'>\n\t\t\t<div class='gallery-icon landscape'>\n\t\t\t\t<a href='https:\/\/shop.labi.lv\/lv\/wp-content\/uploads\/2013\/08\/118449di.jpg'><img loading=\"lazy\" decoding=\"async\" width=\"150\" height=\"150\" src=\"https:\/\/shop.labi.lv\/lv\/wp-content\/uploads\/2013\/08\/118449di-150x150.jpg\" class=\"attachment-thumbnail size-thumbnail\" alt=\"Bumbi\u0146u virtene\" aria-describedby=\"gallery-7-820\" srcset=\"https:\/\/shop.labi.lv\/lv\/wp-content\/uploads\/2013\/08\/118449di-150x150.jpg 150w, https:\/\/shop.labi.lv\/lv\/wp-content\/uploads\/2013\/08\/118449di-300x300.jpg 300w, https:\/\/shop.labi.lv\/lv\/wp-content\/uploads\/2013\/08\/118449di.jpg 450w\" sizes=\"auto, (max-width: 150px) 100vw, 150px\" \/><\/a>\n\t\t\t<\/div>\n\t\t\t\t<figcaption class='wp-caption-text gallery-caption' id='gallery-7-820'>\n\t\t\t\tBumbi\u0146u virtene\n\t\t\t\t<\/figcaption><\/figure><figure class='gallery-item'>\n\t\t\t<div class='gallery-icon landscape'>\n\t\t\t\t<a href='https:\/\/shop.labi.lv\/lv\/wp-content\/uploads\/2013\/08\/pd2711-00_a.jpg'><img loading=\"lazy\" decoding=\"async\" width=\"150\" height=\"150\" src=\"https:\/\/shop.labi.lv\/lv\/wp-content\/uploads\/2013\/08\/pd2711-00_a-150x150.jpg\" class=\"attachment-thumbnail size-thumbnail\" alt=\"Ben Wa bumbi\u0146as\" aria-describedby=\"gallery-7-821\" srcset=\"https:\/\/shop.labi.lv\/lv\/wp-content\/uploads\/2013\/08\/pd2711-00_a-150x150.jpg 150w, https:\/\/shop.labi.lv\/lv\/wp-content\/uploads\/2013\/08\/pd2711-00_a-300x300.jpg 300w, https:\/\/shop.labi.lv\/lv\/wp-content\/uploads\/2013\/08\/pd2711-00_a.jpg 450w\" sizes=\"auto, (max-width: 150px) 100vw, 150px\" \/><\/a>\n\t\t\t<\/div>\n\t\t\t\t<figcaption class='wp-caption-text gallery-caption' id='gallery-7-821'>\n\t\t\t\tBen Wa bumbi\u0146as\n\t\t\t\t<\/figcaption><\/figure>\n\t\t<\/div>\n\n<p>Suven\u012bri \u2014 <a title=\"erotiski suven\u012bri\" href=\"https:\/\/tev.lv\/lv\/suven\u012bri\" target=\"_blank\" rel=\"noopener\">erotiski suven\u012bri<\/a> \u2013 lieliska izv\u0113le neparastai d\u0101vanai. Sp\u0113\u013cu k\u0101rtis, \u0161\u0137iltavas, k\u0101 ar\u012b da\u017e\u0101dus &#8220;jokus&#8221; var nopirkt m\u016bsu veikal\u0101.<\/p>\n<p>Poligr\u0101fija \u2014 \u017eurn\u0101li, atkl\u0101tnes, plak\u0101ti \u2014 laba d\u0101vana draugam un m\u012b\u013cotai.<\/p>\n","protected":false},"excerpt":{"rendered":"<p>Vibratori \u2014 sortiment\u0101 da\u017e\u0101di vibratoru veidi \u2014 vagin\u0101lie, vagin\u0101lie ar klitora stimulatoru, vagin\u0101li-an\u0101lie, ar izci\u013c\u0146iem \u2014 viss J\u016bsu labsaj\u016btai. Ja&hellip;<\/p>\n","protected":false},"author":1,"featured_media":0,"parent":9,"menu_order":0,"comment_status":"closed","ping_status":"closed","template":"","meta":{"footnotes":""},"class_list":["post-73","page","type-page","status-publish","hentry"],"_links":{"self":[{"href":"https:\/\/shop.labi.lv\/lv\/wp-json\/wp\/v2\/pages\/73","targetHints":{"allow":["GET"]}}],"collection":[{"href":"https:\/\/shop.labi.lv\/lv\/wp-json\/wp\/v2\/pages"}],"about":[{"href":"https:\/\/shop.labi.lv\/lv\/wp-json\/wp\/v2\/types\/page"}],"author":[{"embeddable":true,"href":"https:\/\/shop.labi.lv\/lv\/wp-json\/wp\/v2\/users\/1"}],"replies":[{"embeddable":true,"href":"https:\/\/shop.labi.lv\/lv\/wp-json\/wp\/v2\/comments?post=73"}],"version-history":[{"count":38,"href":"https:\/\/shop.labi.lv\/lv\/wp-json\/wp\/v2\/pages\/73\/revisions"}],"predecessor-version":[{"id":5360,"href":"https:\/\/shop.labi.lv\/lv\/wp-json\/wp\/v2\/pages\/73\/revisions\/5360"}],"up":[{"embeddable":true,"href":"https:\/\/shop.labi.lv\/lv\/wp-json\/wp\/v2\/pages\/9"}],"wp:attachment":[{"href":"https:\/\/shop.labi.lv\/lv\/wp-json\/wp\/v2\/media?parent=73"}],"curies":[{"name":"wp","href":"https:\/\/api.w.org\/{rel}","templated":true}]}}