  {"id":75,"date":"2013-08-06T13:32:35","date_gmt":"2013-08-06T11:32:35","guid":{"rendered":"http:\/\/localhost\/wp\/?page_id=75"},"modified":"2023-12-19T21:52:06","modified_gmt":"2023-12-19T19:52:06","slug":"bdsm-aksesu%c4%81ri-un-feti%c5%a1s","status":"publish","type":"page","link":"https:\/\/shop.labi.lv\/lv\/int%c4%abmpreces\/bdsm-aksesu%c4%81ri-un-feti%c5%a1s\/","title":{"rendered":"BDSM aksesu\u0101ri un Feti\u0161s"},"content":{"rendered":"<h2>Latvij\u0101 izgatavoti BDSM izstr\u0101d\u0101jumi<\/h2>\n<p>M\u016bsu salonos klienti var ieg\u0101d\u0101ties Latvij\u0101 ra\u017eotus \u0101das izstr\u0101d\u0101jumus. Ra\u017eot\u0101js garant\u0113 izstr\u0101d\u0101jumu augsto kvalit\u0101ti un ilgm\u016b\u017e\u012bbu.<\/p>\n<div id='gallery-1' class='gallery galleryid-75 gallery-columns-3 gallery-size-thumbnail'><figure class='gallery-item'>\n\t\t\t<div class='gallery-icon landscape'>\n\t\t\t\t<a href='https:\/\/shop.labi.lv\/lv\/wp-content\/uploads\/2013\/08\/24903311000.jpg'><img loading=\"lazy\" decoding=\"async\" width=\"150\" height=\"150\" src=\"https:\/\/shop.labi.lv\/lv\/wp-content\/uploads\/2013\/08\/24903311000-150x150.jpg\" class=\"attachment-thumbnail size-thumbnail\" alt=\"Steki\" aria-describedby=\"gallery-1-825\" srcset=\"https:\/\/shop.labi.lv\/lv\/wp-content\/uploads\/2013\/08\/24903311000-150x150.jpg 150w, https:\/\/shop.labi.lv\/lv\/wp-content\/uploads\/2013\/08\/24903311000-300x300.jpg 300w, https:\/\/shop.labi.lv\/lv\/wp-content\/uploads\/2013\/08\/24903311000.jpg 650w\" sizes=\"auto, (max-width: 150px) 100vw, 150px\" \/><\/a>\n\t\t\t<\/div>\n\t\t\t\t<figcaption class='wp-caption-text gallery-caption' id='gallery-1-825'>\n\t\t\t\tSteki\n\t\t\t\t<\/figcaption><\/figure><figure class='gallery-item'>\n\t\t\t<div class='gallery-icon landscape'>\n\t\t\t\t<a href='https:\/\/shop.labi.lv\/lv\/wp-content\/uploads\/2018\/09\/55-ET242PNK_01.jpg'><img loading=\"lazy\" decoding=\"async\" width=\"150\" height=\"150\" src=\"https:\/\/shop.labi.lv\/lv\/wp-content\/uploads\/2018\/09\/55-ET242PNK_01-150x150.jpg\" class=\"attachment-thumbnail size-thumbnail\" alt=\"Maiga pletne ne tikai gl\u0101st\u012b\u0161anai\" aria-describedby=\"gallery-1-3499\" srcset=\"https:\/\/shop.labi.lv\/lv\/wp-content\/uploads\/2018\/09\/55-ET242PNK_01-150x150.jpg 150w, https:\/\/shop.labi.lv\/lv\/wp-content\/uploads\/2018\/09\/55-ET242PNK_01-300x300.jpg 300w, https:\/\/shop.labi.lv\/lv\/wp-content\/uploads\/2018\/09\/55-ET242PNK_01.jpg 450w\" sizes=\"auto, (max-width: 150px) 100vw, 150px\" \/><\/a>\n\t\t\t<\/div>\n\t\t\t\t<figcaption class='wp-caption-text gallery-caption' id='gallery-1-3499'>\n\t\t\t\tMaiga pletne ne tikai gl\u0101st\u012b\u0161anai \n\t\t\t\t<\/figcaption><\/figure><figure class='gallery-item'>\n\t\t\t<div class='gallery-icon landscape'>\n\t\t\t\t<a href='https:\/\/shop.labi.lv\/lv\/wp-content\/uploads\/2013\/08\/24907731000.jpg'><img loading=\"lazy\" decoding=\"async\" width=\"150\" height=\"150\" src=\"https:\/\/shop.labi.lv\/lv\/wp-content\/uploads\/2013\/08\/24907731000-150x150.jpg\" class=\"attachment-thumbnail size-thumbnail\" alt=\"SM komplekts\" aria-describedby=\"gallery-1-826\" srcset=\"https:\/\/shop.labi.lv\/lv\/wp-content\/uploads\/2013\/08\/24907731000-150x150.jpg 150w, https:\/\/shop.labi.lv\/lv\/wp-content\/uploads\/2013\/08\/24907731000-300x300.jpg 300w, https:\/\/shop.labi.lv\/lv\/wp-content\/uploads\/2013\/08\/24907731000.jpg 550w\" sizes=\"auto, (max-width: 150px) 100vw, 150px\" \/><\/a>\n\t\t\t<\/div>\n\t\t\t\t<figcaption class='wp-caption-text gallery-caption' id='gallery-1-826'>\n\t\t\t\tSM komplekts\n\t\t\t\t<\/figcaption><\/figure><figure class='gallery-item'>\n\t\t\t<div class='gallery-icon landscape'>\n\t\t\t\t<a href='https:\/\/shop.labi.lv\/lv\/wp-content\/uploads\/2018\/09\/55-ET358PNK_01.jpg'><img loading=\"lazy\" decoding=\"async\" width=\"150\" height=\"150\" src=\"https:\/\/shop.labi.lv\/lv\/wp-content\/uploads\/2018\/09\/55-ET358PNK_01-150x150.jpg\" class=\"attachment-thumbnail size-thumbnail\" alt=\"Acu maska\" aria-describedby=\"gallery-1-3505\" srcset=\"https:\/\/shop.labi.lv\/lv\/wp-content\/uploads\/2018\/09\/55-ET358PNK_01-150x150.jpg 150w, https:\/\/shop.labi.lv\/lv\/wp-content\/uploads\/2018\/09\/55-ET358PNK_01-300x300.jpg 300w, https:\/\/shop.labi.lv\/lv\/wp-content\/uploads\/2018\/09\/55-ET358PNK_01.jpg 450w\" sizes=\"auto, (max-width: 150px) 100vw, 150px\" \/><\/a>\n\t\t\t<\/div>\n\t\t\t\t<figcaption class='wp-caption-text gallery-caption' id='gallery-1-3505'>\n\t\t\t\tAcu maska\n\t\t\t\t<\/figcaption><\/figure><figure class='gallery-item'>\n\t\t\t<div class='gallery-icon landscape'>\n\t\t\t\t<a href='https:\/\/shop.labi.lv\/lv\/wp-content\/uploads\/2013\/08\/05305490000.jpg'><img loading=\"lazy\" decoding=\"async\" width=\"150\" height=\"150\" src=\"https:\/\/shop.labi.lv\/lv\/wp-content\/uploads\/2013\/08\/05305490000-150x150.jpg\" class=\"attachment-thumbnail size-thumbnail\" alt=\"Pletne\" aria-describedby=\"gallery-1-824\" srcset=\"https:\/\/shop.labi.lv\/lv\/wp-content\/uploads\/2013\/08\/05305490000-150x150.jpg 150w, https:\/\/shop.labi.lv\/lv\/wp-content\/uploads\/2013\/08\/05305490000-300x300.jpg 300w, https:\/\/shop.labi.lv\/lv\/wp-content\/uploads\/2013\/08\/05305490000.jpg 500w\" sizes=\"auto, (max-width: 150px) 100vw, 150px\" \/><\/a>\n\t\t\t<\/div>\n\t\t\t\t<figcaption class='wp-caption-text gallery-caption' id='gallery-1-824'>\n\t\t\t\tPletne\n\t\t\t\t<\/figcaption><\/figure><figure class='gallery-item'>\n\t\t\t<div class='gallery-icon landscape'>\n\t\t\t\t<a href='https:\/\/shop.labi.lv\/lv\/wp-content\/uploads\/2018\/09\/55-ET255PNK_02.jpg'><img loading=\"lazy\" decoding=\"async\" width=\"150\" height=\"150\" src=\"https:\/\/shop.labi.lv\/lv\/wp-content\/uploads\/2018\/09\/55-ET255PNK_02-150x150.jpg\" class=\"attachment-thumbnail size-thumbnail\" alt=\"Spalvi\u0146a gl\u0101st\u012b\u0161anai\" aria-describedby=\"gallery-1-3503\" srcset=\"https:\/\/shop.labi.lv\/lv\/wp-content\/uploads\/2018\/09\/55-ET255PNK_02-150x150.jpg 150w, https:\/\/shop.labi.lv\/lv\/wp-content\/uploads\/2018\/09\/55-ET255PNK_02-300x300.jpg 300w, https:\/\/shop.labi.lv\/lv\/wp-content\/uploads\/2018\/09\/55-ET255PNK_02.jpg 450w\" sizes=\"auto, (max-width: 150px) 100vw, 150px\" \/><\/a>\n\t\t\t<\/div>\n\t\t\t\t<figcaption class='wp-caption-text gallery-caption' id='gallery-1-3503'>\n\t\t\t\tSpalvi\u0146a gl\u0101st\u012b\u0161anai\n\t\t\t\t<\/figcaption><\/figure>\n\t\t<\/div>\n\n<p><a title=\"Maskas\" href=\"https:\/\/tev.lv\/lv\/bdsm-aksesu\u0101ri\" target=\"_blank\" rel=\"noopener\">Maskas<\/a>, <a title=\"kost\u012bmi\" href=\"https:\/\/tev.lv\/lv\/bdsm-aksesu\u0101ri\" target=\"_blank\" rel=\"noopener\">kost\u012bmi<\/a>, <a title=\"pletnes\" href=\"https:\/\/tev.lv\/lv\/bdsm-aksesu\u0101ri\" target=\"_blank\" rel=\"noopener\">pletnes<\/a>, <a title=\"p\u0101tagas\" href=\"https:\/\/tev.lv\/lv\/bdsm-aksesu\u0101ri\" target=\"_blank\" rel=\"noopener\">p\u0101tagas<\/a>, <a title=\"rokudzel\u017ei\" href=\"https:\/\/tev.lv\/lv\/bdsm-aksesu\u0101ri\" target=\"_blank\" rel=\"noopener\">rokudzel\u017ei<\/a>, <a title=\"virves\" href=\"https:\/\/tev.lv\/lv\/bdsm-aksesu\u0101ri\" target=\"_blank\" rel=\"noopener\">virves<\/a> un <a title=\"man\u0161etes\" href=\"https:\/\/tev.lv\/lv\/bdsm-aksesu\u0101ri\" target=\"_blank\" rel=\"noopener\">man\u0161etes<\/a> it viss J\u016bsu sado-mazo rota\u013c\u0101m ar pak\u013cau\u0161anas elementiem.<\/p>\n<p>Iedvesmu sav\u0101m <a href=\"https:\/\/tev.lv\/lv\/bdsm-aksesu\u0101ri-un-feti\u0161s\">BDSM fant\u0101zij\u0101m<\/a> var smelties <a href=\"https:\/\/shop.labi.lv\/lv\/pakalpojumi\/barg\u0101s-kundzes-budu\u0101rs\/\">Barg\u0101s Kundzes budu\u0101r\u0101<\/a>!<\/p>\n","protected":false},"excerpt":{"rendered":"<p>Latvij\u0101 izgatavoti BDSM izstr\u0101d\u0101jumi M\u016bsu salonos klienti var ieg\u0101d\u0101ties Latvij\u0101 ra\u017eotus \u0101das izstr\u0101d\u0101jumus. Ra\u017eot\u0101js garant\u0113 izstr\u0101d\u0101jumu augsto kvalit\u0101ti un ilgm\u016b\u017e\u012bbu.&hellip;<\/p>\n","protected":false},"author":1,"featured_media":0,"parent":9,"menu_order":0,"comment_status":"closed","ping_status":"closed","template":"","meta":{"footnotes":""},"class_list":["post-75","page","type-page","status-publish","hentry"],"_links":{"self":[{"href":"https:\/\/shop.labi.lv\/lv\/wp-json\/wp\/v2\/pages\/75","targetHints":{"allow":["GET"]}}],"collection":[{"href":"https:\/\/shop.labi.lv\/lv\/wp-json\/wp\/v2\/pages"}],"about":[{"href":"https:\/\/shop.labi.lv\/lv\/wp-json\/wp\/v2\/types\/page"}],"author":[{"embeddable":true,"href":"https:\/\/shop.labi.lv\/lv\/wp-json\/wp\/v2\/users\/1"}],"replies":[{"embeddable":true,"href":"https:\/\/shop.labi.lv\/lv\/wp-json\/wp\/v2\/comments?post=75"}],"version-history":[{"count":16,"href":"https:\/\/shop.labi.lv\/lv\/wp-json\/wp\/v2\/pages\/75\/revisions"}],"predecessor-version":[{"id":5367,"href":"https:\/\/shop.labi.lv\/lv\/wp-json\/wp\/v2\/pages\/75\/revisions\/5367"}],"up":[{"embeddable":true,"href":"https:\/\/shop.labi.lv\/lv\/wp-json\/wp\/v2\/pages\/9"}],"wp:attachment":[{"href":"https:\/\/shop.labi.lv\/lv\/wp-json\/wp\/v2\/media?parent=75"}],"curies":[{"name":"wp","href":"https:\/\/api.w.org\/{rel}","templated":true}]}}