  {"id":77,"date":"2013-08-06T13:34:10","date_gmt":"2013-08-06T11:34:10","guid":{"rendered":"http:\/\/localhost\/wp\/?page_id=77"},"modified":"2023-12-19T22:05:14","modified_gmt":"2023-12-19T20:05:14","slug":"suven%c4%abri","status":"publish","type":"page","link":"https:\/\/shop.labi.lv\/lv\/int%c4%abmpreces\/suven%c4%abri\/","title":{"rendered":"Suven\u012bri"},"content":{"rendered":"<p>Salonos &#8222;LABI&#8221; ir pla\u0161s erotisku suven\u012bru sortiments.<\/p>\n<div id='gallery-1' class='gallery galleryid-77 gallery-columns-3 gallery-size-thumbnail'><figure class='gallery-item'>\n\t\t\t<div class='gallery-icon landscape'>\n\t\t\t\t<a href='https:\/\/shop.labi.lv\/lv\/wp-content\/uploads\/2013\/08\/kitchen_timer_egg_clock_002.jpg'><img loading=\"lazy\" decoding=\"async\" width=\"150\" height=\"150\" src=\"https:\/\/shop.labi.lv\/lv\/wp-content\/uploads\/2013\/08\/kitchen_timer_egg_clock_002-150x150.jpg\" class=\"attachment-thumbnail size-thumbnail\" alt=\"Kitchen timer\" aria-describedby=\"gallery-1-832\" srcset=\"https:\/\/shop.labi.lv\/lv\/wp-content\/uploads\/2013\/08\/kitchen_timer_egg_clock_002-150x150.jpg 150w, https:\/\/shop.labi.lv\/lv\/wp-content\/uploads\/2013\/08\/kitchen_timer_egg_clock_002-300x300.jpg 300w, https:\/\/shop.labi.lv\/lv\/wp-content\/uploads\/2013\/08\/kitchen_timer_egg_clock_002.jpg 500w\" sizes=\"auto, (max-width: 150px) 100vw, 150px\" \/><\/a>\n\t\t\t<\/div>\n\t\t\t\t<figcaption class='wp-caption-text gallery-caption' id='gallery-1-832'>\n\t\t\t\tVirtuves taimeris\n\t\t\t\t<\/figcaption><\/figure><figure class='gallery-item'>\n\t\t\t<div class='gallery-icon landscape'>\n\t\t\t\t<a href='https:\/\/shop.labi.lv\/lv\/wp-content\/uploads\/2013\/08\/2800004035.jpg'><img loading=\"lazy\" decoding=\"async\" width=\"150\" height=\"150\" src=\"https:\/\/shop.labi.lv\/lv\/wp-content\/uploads\/2013\/08\/2800004035-150x150.jpg\" class=\"attachment-thumbnail size-thumbnail\" alt=\"K\u0101rtis kamasutra\" aria-describedby=\"gallery-1-828\" srcset=\"https:\/\/shop.labi.lv\/lv\/wp-content\/uploads\/2013\/08\/2800004035-150x150.jpg 150w, https:\/\/shop.labi.lv\/lv\/wp-content\/uploads\/2013\/08\/2800004035-300x298.jpg 300w, https:\/\/shop.labi.lv\/lv\/wp-content\/uploads\/2013\/08\/2800004035.jpg 410w\" sizes=\"auto, (max-width: 150px) 100vw, 150px\" \/><\/a>\n\t\t\t<\/div>\n\t\t\t\t<figcaption class='wp-caption-text gallery-caption' id='gallery-1-828'>\n\t\t\t\tK\u0101rtis kamasutra\n\t\t\t\t<\/figcaption><\/figure><figure class='gallery-item'>\n\t\t\t<div class='gallery-icon landscape'>\n\t\t\t\t<a href='https:\/\/shop.labi.lv\/lv\/wp-content\/uploads\/2013\/08\/phone_stand_02.jpg'><img loading=\"lazy\" decoding=\"async\" width=\"150\" height=\"150\" src=\"https:\/\/shop.labi.lv\/lv\/wp-content\/uploads\/2013\/08\/phone_stand_02-150x150.jpg\" class=\"attachment-thumbnail size-thumbnail\" alt=\"Phone stand\" aria-describedby=\"gallery-1-835\" srcset=\"https:\/\/shop.labi.lv\/lv\/wp-content\/uploads\/2013\/08\/phone_stand_02-150x150.jpg 150w, https:\/\/shop.labi.lv\/lv\/wp-content\/uploads\/2013\/08\/phone_stand_02-300x300.jpg 300w, https:\/\/shop.labi.lv\/lv\/wp-content\/uploads\/2013\/08\/phone_stand_02.jpg 500w\" sizes=\"auto, (max-width: 150px) 100vw, 150px\" \/><\/a>\n\t\t\t<\/div>\n\t\t\t\t<figcaption class='wp-caption-text gallery-caption' id='gallery-1-835'>\n\t\t\t\tT\u0101lru\u0146a tur\u0113t\u0101js\n\t\t\t\t<\/figcaption><\/figure><figure class='gallery-item'>\n\t\t\t<div class='gallery-icon landscape'>\n\t\t\t\t<a href='https:\/\/shop.labi.lv\/lv\/wp-content\/uploads\/2013\/08\/wild_willies_boys_101.jpg'><img loading=\"lazy\" decoding=\"async\" width=\"150\" height=\"150\" src=\"https:\/\/shop.labi.lv\/lv\/wp-content\/uploads\/2013\/08\/wild_willies_boys_101-150x150.jpg\" class=\"attachment-thumbnail size-thumbnail\" alt=\"Atsl\u0113gu piekari\u0146\u0161\" aria-describedby=\"gallery-1-836\" srcset=\"https:\/\/shop.labi.lv\/lv\/wp-content\/uploads\/2013\/08\/wild_willies_boys_101-150x150.jpg 150w, https:\/\/shop.labi.lv\/lv\/wp-content\/uploads\/2013\/08\/wild_willies_boys_101-300x300.jpg 300w, https:\/\/shop.labi.lv\/lv\/wp-content\/uploads\/2013\/08\/wild_willies_boys_101.jpg 600w\" sizes=\"auto, (max-width: 150px) 100vw, 150px\" \/><\/a>\n\t\t\t<\/div>\n\t\t\t\t<figcaption class='wp-caption-text gallery-caption' id='gallery-1-836'>\n\t\t\t\tAtsl\u0113gu piekari\u0146\u0161\n\t\t\t\t<\/figcaption><\/figure><figure class='gallery-item'>\n\t\t\t<div class='gallery-icon landscape'>\n\t\t\t\t<a href='https:\/\/shop.labi.lv\/lv\/wp-content\/uploads\/2013\/08\/cube_i_love_you_01.jpg'><img loading=\"lazy\" decoding=\"async\" width=\"150\" height=\"150\" src=\"https:\/\/shop.labi.lv\/lv\/wp-content\/uploads\/2013\/08\/cube_i_love_you_01-150x150.jpg\" class=\"attachment-thumbnail size-thumbnail\" alt=\"Cube - I love you\" aria-describedby=\"gallery-1-831\" srcset=\"https:\/\/shop.labi.lv\/lv\/wp-content\/uploads\/2013\/08\/cube_i_love_you_01-150x150.jpg 150w, https:\/\/shop.labi.lv\/lv\/wp-content\/uploads\/2013\/08\/cube_i_love_you_01-300x300.jpg 300w, https:\/\/shop.labi.lv\/lv\/wp-content\/uploads\/2013\/08\/cube_i_love_you_01.jpg 450w\" sizes=\"auto, (max-width: 150px) 100vw, 150px\" \/><\/a>\n\t\t\t<\/div>\n\t\t\t\t<figcaption class='wp-caption-text gallery-caption' id='gallery-1-831'>\n\t\t\t\tRubika kubs\n\t\t\t\t<\/figcaption><\/figure><figure class='gallery-item'>\n\t\t\t<div class='gallery-icon landscape'>\n\t\t\t\t<a href='https:\/\/shop.labi.lv\/lv\/wp-content\/uploads\/2013\/08\/light_up_glow_001.jpg'><img loading=\"lazy\" decoding=\"async\" width=\"150\" height=\"150\" src=\"https:\/\/shop.labi.lv\/lv\/wp-content\/uploads\/2013\/08\/light_up_glow_001-150x150.jpg\" class=\"attachment-thumbnail size-thumbnail\" alt=\"Suven\u012brs\" aria-describedby=\"gallery-1-833\" srcset=\"https:\/\/shop.labi.lv\/lv\/wp-content\/uploads\/2013\/08\/light_up_glow_001-150x150.jpg 150w, https:\/\/shop.labi.lv\/lv\/wp-content\/uploads\/2013\/08\/light_up_glow_001-300x300.jpg 300w, https:\/\/shop.labi.lv\/lv\/wp-content\/uploads\/2013\/08\/light_up_glow_001.jpg 450w\" sizes=\"auto, (max-width: 150px) 100vw, 150px\" \/><\/a>\n\t\t\t<\/div>\n\t\t\t\t<figcaption class='wp-caption-text gallery-caption' id='gallery-1-833'>\n\t\t\t\tSuven\u012brs\n\t\t\t\t<\/figcaption><\/figure><figure class='gallery-item'>\n\t\t\t<div class='gallery-icon landscape'>\n\t\t\t\t<a href='https:\/\/shop.labi.lv\/lv\/wp-content\/uploads\/2013\/08\/sexy_bag_001.jpg'><img loading=\"lazy\" decoding=\"async\" width=\"150\" height=\"150\" src=\"https:\/\/shop.labi.lv\/lv\/wp-content\/uploads\/2013\/08\/sexy_bag_001-150x150.jpg\" class=\"attachment-thumbnail size-thumbnail\" alt=\"Pikanta somi\u0146a\" aria-describedby=\"gallery-1-837\" srcset=\"https:\/\/shop.labi.lv\/lv\/wp-content\/uploads\/2013\/08\/sexy_bag_001-150x150.jpg 150w, https:\/\/shop.labi.lv\/lv\/wp-content\/uploads\/2013\/08\/sexy_bag_001-300x300.jpg 300w, https:\/\/shop.labi.lv\/lv\/wp-content\/uploads\/2013\/08\/sexy_bag_001.jpg 500w\" sizes=\"auto, (max-width: 150px) 100vw, 150px\" \/><\/a>\n\t\t\t<\/div>\n\t\t\t\t<figcaption class='wp-caption-text gallery-caption' id='gallery-1-837'>\n\t\t\t\tPikanta somi\u0146a\n\t\t\t\t<\/figcaption><\/figure><figure class='gallery-item'>\n\t\t\t<div class='gallery-icon landscape'>\n\t\t\t\t<a href='https:\/\/shop.labi.lv\/lv\/wp-content\/uploads\/2013\/08\/penis_shot_glases_001.jpg'><img loading=\"lazy\" decoding=\"async\" width=\"150\" height=\"150\" src=\"https:\/\/shop.labi.lv\/lv\/wp-content\/uploads\/2013\/08\/penis_shot_glases_001-150x150.jpg\" class=\"attachment-thumbnail size-thumbnail\" alt=\"Gl\u0101zes Penis shot\" aria-describedby=\"gallery-1-834\" srcset=\"https:\/\/shop.labi.lv\/lv\/wp-content\/uploads\/2013\/08\/penis_shot_glases_001-150x150.jpg 150w, https:\/\/shop.labi.lv\/lv\/wp-content\/uploads\/2013\/08\/penis_shot_glases_001-300x300.jpg 300w, https:\/\/shop.labi.lv\/lv\/wp-content\/uploads\/2013\/08\/penis_shot_glases_001.jpg 450w\" sizes=\"auto, (max-width: 150px) 100vw, 150px\" \/><\/a>\n\t\t\t<\/div>\n\t\t\t\t<figcaption class='wp-caption-text gallery-caption' id='gallery-1-834'>\n\t\t\t\tGl\u0101zes Penis shot\n\t\t\t\t<\/figcaption><\/figure><figure class='gallery-item'>\n\t\t\t<div class='gallery-icon landscape'>\n\t\t\t\t<a href='https:\/\/shop.labi.lv\/lv\/wp-content\/uploads\/2013\/08\/07794070000_1.jpg'><img loading=\"lazy\" decoding=\"async\" width=\"150\" height=\"150\" src=\"https:\/\/shop.labi.lv\/lv\/wp-content\/uploads\/2013\/08\/07794070000_1-150x150.jpg\" class=\"attachment-thumbnail size-thumbnail\" alt=\"Datora pele\" aria-describedby=\"gallery-1-829\" srcset=\"https:\/\/shop.labi.lv\/lv\/wp-content\/uploads\/2013\/08\/07794070000_1-150x150.jpg 150w, https:\/\/shop.labi.lv\/lv\/wp-content\/uploads\/2013\/08\/07794070000_1-300x300.jpg 300w, https:\/\/shop.labi.lv\/lv\/wp-content\/uploads\/2013\/08\/07794070000_1.jpg 500w\" sizes=\"auto, (max-width: 150px) 100vw, 150px\" \/><\/a>\n\t\t\t<\/div>\n\t\t\t\t<figcaption class='wp-caption-text gallery-caption' id='gallery-1-829'>\n\t\t\t\tDatora pele\n\t\t\t\t<\/figcaption><\/figure>\n\t\t<\/div>\n\n<p><a title=\"Atsl\u0113gu piekari\u0146i\" href=\"https:\/\/tev.lv\/lv\/search?q=breloks\" target=\"_blank\" rel=\"noopener\">Atsl\u0113gu piekari\u0146i<\/a>, <a title=\"m\u012bkst\u0101s rota\u013clietas\" href=\"https:\/\/tev.lv\/lv\/citi-suven\u012bri\" target=\"_blank\" rel=\"noopener\">m\u012bkst\u0101s rota\u013clietas<\/a>, sp\u0113les (<a title=\"erotiskas k\u0101rtis\" href=\"https:\/\/tev.lv\/lv\/sp\u0113les\" target=\"_blank\" rel=\"noopener\">erotiskas k\u0101rtis<\/a>, <a title=\"erotisks domino\" href=\"https:\/\/tev.lv\/lv\/sp\u0113les\" target=\"_blank\" rel=\"noopener\">domino<\/a>), da\u017e\u0101di <a title=\"virtuves piederumi\" href=\"https:\/\/tev.lv\/lv\/virtuves-piederumi\" target=\"_blank\" rel=\"noopener\">virtuves piederumi<\/a>, <a title=\"vannas istabas piederumi\" href=\"https:\/\/tev.lv\/lv\/vannas-istabas-piederumi\" target=\"_blank\" rel=\"noopener\">vannas istabas piederumi<\/a>, k\u0101 \u0101ri <a title=\"ball\u012b\u0161u piederumi\" href=\"https:\/\/tev.lv\/lv\/ball\u012b\u0161u-piederumi\" target=\"_blank\" rel=\"noopener\">ball\u012b\u0161u piederumi<\/a>.<\/p>\n","protected":false},"excerpt":{"rendered":"<p>Salonos &#8222;LABI&#8221; ir pla\u0161s erotisku suven\u012bru sortiments. Atsl\u0113gu piekari\u0146i, m\u012bkst\u0101s rota\u013clietas, sp\u0113les (erotiskas k\u0101rtis, domino), da\u017e\u0101di virtuves piederumi, vannas istabas&hellip;<\/p>\n","protected":false},"author":1,"featured_media":0,"parent":9,"menu_order":0,"comment_status":"closed","ping_status":"closed","template":"","meta":{"footnotes":""},"class_list":["post-77","page","type-page","status-publish","hentry"],"_links":{"self":[{"href":"https:\/\/shop.labi.lv\/lv\/wp-json\/wp\/v2\/pages\/77","targetHints":{"allow":["GET"]}}],"collection":[{"href":"https:\/\/shop.labi.lv\/lv\/wp-json\/wp\/v2\/pages"}],"about":[{"href":"https:\/\/shop.labi.lv\/lv\/wp-json\/wp\/v2\/types\/page"}],"author":[{"embeddable":true,"href":"https:\/\/shop.labi.lv\/lv\/wp-json\/wp\/v2\/users\/1"}],"replies":[{"embeddable":true,"href":"https:\/\/shop.labi.lv\/lv\/wp-json\/wp\/v2\/comments?post=77"}],"version-history":[{"count":11,"href":"https:\/\/shop.labi.lv\/lv\/wp-json\/wp\/v2\/pages\/77\/revisions"}],"predecessor-version":[{"id":5369,"href":"https:\/\/shop.labi.lv\/lv\/wp-json\/wp\/v2\/pages\/77\/revisions\/5369"}],"up":[{"embeddable":true,"href":"https:\/\/shop.labi.lv\/lv\/wp-json\/wp\/v2\/pages\/9"}],"wp:attachment":[{"href":"https:\/\/shop.labi.lv\/lv\/wp-json\/wp\/v2\/media?parent=77"}],"curies":[{"name":"wp","href":"https:\/\/api.w.org\/{rel}","templated":true}]}}