  {"id":79,"date":"2013-08-06T13:34:45","date_gmt":"2013-08-06T11:34:45","guid":{"rendered":"http:\/\/localhost\/wp\/?page_id=79"},"modified":"2020-11-24T17:00:00","modified_gmt":"2020-11-24T15:00:00","slug":"d%c4%81vanu-kartes","status":"publish","type":"page","link":"https:\/\/shop.labi.lv\/lv\/int%c4%abmpreces\/d%c4%81vanu-kartes\/","title":{"rendered":"D\u0101vanu kartes"},"content":{"rendered":"<p>Univers\u0101la un pikanta d\u0101vana m\u016bsdien\u012bgiem cilv\u0113kiem!<\/p>\n<p>D\u0101vanu kartes var ieg\u0101d\u0101ties it visos salonos &#8222;LABI&#8221;. D\u0101vanu kar\u0161u nomin\u0101li ir 20,00\u00a0\u20ac un 50,00 \u20ac.<\/p>\n<p>D\u0101vanu karte ir univers\u0101la d\u0101vana &#8211; t\u0101s sa\u0146\u0113m\u0113js var\u0113s piemekl\u0113t kaut ko no pla\u0161\u0101 pre\u010du sortimenta vai izv\u0113l\u0113ties k\u0101du no pakalpojumiem.<\/p>\n<p><img loading=\"lazy\" decoding=\"async\" class=\"aligncenter  wp-image-930\" title=\"D\u0101vanu karte\" alt=\"D\u0101vanu karte\" src=\"https:\/\/shop.labi.lv\/lv\/wp-content\/uploads\/2013\/08\/labi_davanu_karte_atlaizu_klubs.jpg\" width=\"681\" height=\"367\" srcset=\"https:\/\/shop.labi.lv\/lv\/wp-content\/uploads\/2013\/08\/labi_davanu_karte_atlaizu_klubs.jpg 681w, https:\/\/shop.labi.lv\/lv\/wp-content\/uploads\/2013\/08\/labi_davanu_karte_atlaizu_klubs-300x161.jpg 300w\" sizes=\"auto, (max-width: 681px) 100vw, 681px\" \/><\/p>\n","protected":false},"excerpt":{"rendered":"<p>Univers\u0101la un pikanta d\u0101vana m\u016bsdien\u012bgiem cilv\u0113kiem! D\u0101vanu kartes var ieg\u0101d\u0101ties it visos salonos &#8222;LABI&#8221;. D\u0101vanu kar\u0161u nomin\u0101li ir 20,00\u00a0\u20ac un&hellip;<\/p>\n","protected":false},"author":1,"featured_media":0,"parent":9,"menu_order":0,"comment_status":"closed","ping_status":"closed","template":"","meta":{"footnotes":""},"class_list":["post-79","page","type-page","status-publish","hentry"],"_links":{"self":[{"href":"https:\/\/shop.labi.lv\/lv\/wp-json\/wp\/v2\/pages\/79","targetHints":{"allow":["GET"]}}],"collection":[{"href":"https:\/\/shop.labi.lv\/lv\/wp-json\/wp\/v2\/pages"}],"about":[{"href":"https:\/\/shop.labi.lv\/lv\/wp-json\/wp\/v2\/types\/page"}],"author":[{"embeddable":true,"href":"https:\/\/shop.labi.lv\/lv\/wp-json\/wp\/v2\/users\/1"}],"replies":[{"embeddable":true,"href":"https:\/\/shop.labi.lv\/lv\/wp-json\/wp\/v2\/comments?post=79"}],"version-history":[{"count":15,"href":"https:\/\/shop.labi.lv\/lv\/wp-json\/wp\/v2\/pages\/79\/revisions"}],"predecessor-version":[{"id":4546,"href":"https:\/\/shop.labi.lv\/lv\/wp-json\/wp\/v2\/pages\/79\/revisions\/4546"}],"up":[{"embeddable":true,"href":"https:\/\/shop.labi.lv\/lv\/wp-json\/wp\/v2\/pages\/9"}],"wp:attachment":[{"href":"https:\/\/shop.labi.lv\/lv\/wp-json\/wp\/v2\/media?parent=79"}],"curies":[{"name":"wp","href":"https:\/\/api.w.org\/{rel}","templated":true}]}}