  {"id":86,"date":"2013-08-06T13:37:07","date_gmt":"2013-08-06T11:37:07","guid":{"rendered":"http:\/\/localhost\/wp\/?page_id=86"},"modified":"2023-12-19T17:43:13","modified_gmt":"2023-12-19T15:43:13","slug":"kost%c4%abmi-lomu-sp%c4%93l%c4%93m","status":"publish","type":"page","link":"https:\/\/shop.labi.lv\/lv\/int%c4%abmpreces\/kost%c4%abmi-lomu-sp%c4%93l%c4%93m\/","title":{"rendered":"Kost\u012bmi lomu sp\u0113l\u0113m"},"content":{"rendered":"<h2>Erotiski kost\u012bmi seksa lomu sp\u0113l\u0113m<\/h2>\n<p>Alla\u017e popul\u0101ra ir <a title=\"erotiska ve\u013ca seksa lomu sp\u0113l\u0113m\" href=\"https:\/\/tev.lv\/lv\/kost\u012bmi-lomu-sp\u0113l\u0113m\" target=\"_blank\" rel=\"noopener\">erotiska ve\u013ca seksa lomu sp\u0113l\u0113m<\/a>. Iek\u0101rdini, palutini vai p\u0101rsteidz savu partneri ar ekskluz\u012bvu t\u0113rpu!<\/p>\n<p>Fotogr\u0101fij\u0101s var apskat\u012bt da\u017eus paraugus no pla\u0161\u0101 un bie\u017ei papildin\u0101m\u0101 sortimenta salonos &#8222;LABI&#8221;.<\/p>\n<div id='gallery-1' class='gallery galleryid-86 gallery-columns-3 gallery-size-thumbnail'><figure class='gallery-item'>\n\t\t\t<div class='gallery-icon landscape'>\n\t\t\t\t<a href='https:\/\/shop.labi.lv\/lv\/wp-content\/uploads\/2013\/08\/daring_n6345-secretary_uniform.jpg'><img loading=\"lazy\" decoding=\"async\" width=\"150\" height=\"150\" src=\"https:\/\/shop.labi.lv\/lv\/wp-content\/uploads\/2013\/08\/daring_n6345-secretary_uniform-150x150.jpg\" class=\"attachment-thumbnail size-thumbnail\" alt=\"Strikta skolot\u0101ja\" aria-describedby=\"gallery-1-764\" srcset=\"https:\/\/shop.labi.lv\/lv\/wp-content\/uploads\/2013\/08\/daring_n6345-secretary_uniform-150x150.jpg 150w, https:\/\/shop.labi.lv\/lv\/wp-content\/uploads\/2013\/08\/daring_n6345-secretary_uniform-300x300.jpg 300w, https:\/\/shop.labi.lv\/lv\/wp-content\/uploads\/2013\/08\/daring_n6345-secretary_uniform.jpg 450w\" sizes=\"auto, (max-width: 150px) 100vw, 150px\" \/><\/a>\n\t\t\t<\/div>\n\t\t\t\t<figcaption class='wp-caption-text gallery-caption' id='gallery-1-764'>\n\t\t\t\tStrikta skolot\u0101ja\n\t\t\t\t<\/figcaption><\/figure><figure class='gallery-item'>\n\t\t\t<div class='gallery-icon landscape'>\n\t\t\t\t<a href='https:\/\/shop.labi.lv\/lv\/wp-content\/uploads\/2013\/08\/roxana_costume_6507_01.jpg'><img loading=\"lazy\" decoding=\"async\" width=\"150\" height=\"150\" src=\"https:\/\/shop.labi.lv\/lv\/wp-content\/uploads\/2013\/08\/roxana_costume_6507_01-150x150.jpg\" class=\"attachment-thumbnail size-thumbnail\" alt=\"Medm\u0101si\u0146a\" aria-describedby=\"gallery-1-765\" srcset=\"https:\/\/shop.labi.lv\/lv\/wp-content\/uploads\/2013\/08\/roxana_costume_6507_01-150x150.jpg 150w, https:\/\/shop.labi.lv\/lv\/wp-content\/uploads\/2013\/08\/roxana_costume_6507_01-300x300.jpg 300w, https:\/\/shop.labi.lv\/lv\/wp-content\/uploads\/2013\/08\/roxana_costume_6507_01.jpg 550w\" sizes=\"auto, (max-width: 150px) 100vw, 150px\" \/><\/a>\n\t\t\t<\/div>\n\t\t\t\t<figcaption class='wp-caption-text gallery-caption' id='gallery-1-765'>\n\t\t\t\tMedm\u0101si\u0146a\n\t\t\t\t<\/figcaption><\/figure><figure class='gallery-item'>\n\t\t\t<div class='gallery-icon landscape'>\n\t\t\t\t<a href='https:\/\/shop.labi.lv\/lv\/wp-content\/uploads\/2013\/08\/daring_n6344-schoolgirl_uniform.jpg'><img loading=\"lazy\" decoding=\"async\" width=\"150\" height=\"150\" src=\"https:\/\/shop.labi.lv\/lv\/wp-content\/uploads\/2013\/08\/daring_n6344-schoolgirl_uniform-150x150.jpg\" class=\"attachment-thumbnail size-thumbnail\" alt=\"Ner\u0101tna skolniece\" aria-describedby=\"gallery-1-763\" srcset=\"https:\/\/shop.labi.lv\/lv\/wp-content\/uploads\/2013\/08\/daring_n6344-schoolgirl_uniform-150x150.jpg 150w, https:\/\/shop.labi.lv\/lv\/wp-content\/uploads\/2013\/08\/daring_n6344-schoolgirl_uniform-300x300.jpg 300w, https:\/\/shop.labi.lv\/lv\/wp-content\/uploads\/2013\/08\/daring_n6344-schoolgirl_uniform.jpg 450w\" sizes=\"auto, (max-width: 150px) 100vw, 150px\" \/><\/a>\n\t\t\t<\/div>\n\t\t\t\t<figcaption class='wp-caption-text gallery-caption' id='gallery-1-763'>\n\t\t\t\tNer\u0101tna skolniece\n\t\t\t\t<\/figcaption><\/figure><figure class='gallery-item'>\n\t\t\t<div class='gallery-icon landscape'>\n\t\t\t\t<a href='https:\/\/shop.labi.lv\/lv\/wp-content\/uploads\/2013\/08\/roxana_costume_6508_01.jpg'><img loading=\"lazy\" decoding=\"async\" width=\"150\" height=\"150\" src=\"https:\/\/shop.labi.lv\/lv\/wp-content\/uploads\/2013\/08\/roxana_costume_6508_01-150x150.jpg\" class=\"attachment-thumbnail size-thumbnail\" alt=\"Za\u0137is\" aria-describedby=\"gallery-1-766\" srcset=\"https:\/\/shop.labi.lv\/lv\/wp-content\/uploads\/2013\/08\/roxana_costume_6508_01-150x150.jpg 150w, https:\/\/shop.labi.lv\/lv\/wp-content\/uploads\/2013\/08\/roxana_costume_6508_01-300x300.jpg 300w, https:\/\/shop.labi.lv\/lv\/wp-content\/uploads\/2013\/08\/roxana_costume_6508_01.jpg 600w\" sizes=\"auto, (max-width: 150px) 100vw, 150px\" \/><\/a>\n\t\t\t<\/div>\n\t\t\t\t<figcaption class='wp-caption-text gallery-caption' id='gallery-1-766'>\n\t\t\t\tZa\u0137is\n\t\t\t\t<\/figcaption><\/figure><figure class='gallery-item'>\n\t\t\t<div class='gallery-icon landscape'>\n\t\t\t\t<a href='https:\/\/shop.labi.lv\/lv\/wp-content\/uploads\/2013\/08\/roxana_costume_6511_01.jpg'><img loading=\"lazy\" decoding=\"async\" width=\"150\" height=\"150\" src=\"https:\/\/shop.labi.lv\/lv\/wp-content\/uploads\/2013\/08\/roxana_costume_6511_01-150x150.jpg\" class=\"attachment-thumbnail size-thumbnail\" alt=\"Sarkangalv\u012bte\" aria-describedby=\"gallery-1-767\" srcset=\"https:\/\/shop.labi.lv\/lv\/wp-content\/uploads\/2013\/08\/roxana_costume_6511_01-150x150.jpg 150w, https:\/\/shop.labi.lv\/lv\/wp-content\/uploads\/2013\/08\/roxana_costume_6511_01-300x300.jpg 300w, https:\/\/shop.labi.lv\/lv\/wp-content\/uploads\/2013\/08\/roxana_costume_6511_01.jpg 450w\" sizes=\"auto, (max-width: 150px) 100vw, 150px\" \/><\/a>\n\t\t\t<\/div>\n\t\t\t\t<figcaption class='wp-caption-text gallery-caption' id='gallery-1-767'>\n\t\t\t\tSarkangalv\u012bte\n\t\t\t\t<\/figcaption><\/figure><figure class='gallery-item'>\n\t\t\t<div class='gallery-icon landscape'>\n\t\t\t\t<a href='https:\/\/shop.labi.lv\/lv\/wp-content\/uploads\/2013\/08\/roxana_costume_6514_01.jpg'><img loading=\"lazy\" decoding=\"async\" width=\"150\" height=\"150\" src=\"https:\/\/shop.labi.lv\/lv\/wp-content\/uploads\/2013\/08\/roxana_costume_6514_01-150x150.jpg\" class=\"attachment-thumbnail size-thumbnail\" alt=\"Lelle\" aria-describedby=\"gallery-1-768\" srcset=\"https:\/\/shop.labi.lv\/lv\/wp-content\/uploads\/2013\/08\/roxana_costume_6514_01-150x150.jpg 150w, https:\/\/shop.labi.lv\/lv\/wp-content\/uploads\/2013\/08\/roxana_costume_6514_01-300x300.jpg 300w, https:\/\/shop.labi.lv\/lv\/wp-content\/uploads\/2013\/08\/roxana_costume_6514_01.jpg 520w\" sizes=\"auto, (max-width: 150px) 100vw, 150px\" \/><\/a>\n\t\t\t<\/div>\n\t\t\t\t<figcaption class='wp-caption-text gallery-caption' id='gallery-1-768'>\n\t\t\t\tLelle\n\t\t\t\t<\/figcaption><\/figure>\n\t\t<\/div>\n\n","protected":false},"excerpt":{"rendered":"<p>Erotiski kost\u012bmi seksa lomu sp\u0113l\u0113m Alla\u017e popul\u0101ra ir erotiska ve\u013ca seksa lomu sp\u0113l\u0113m. Iek\u0101rdini, palutini vai p\u0101rsteidz savu partneri ar&hellip;<\/p>\n","protected":false},"author":1,"featured_media":0,"parent":9,"menu_order":0,"comment_status":"closed","ping_status":"closed","template":"","meta":{"footnotes":""},"class_list":["post-86","page","type-page","status-publish","hentry"],"_links":{"self":[{"href":"https:\/\/shop.labi.lv\/lv\/wp-json\/wp\/v2\/pages\/86","targetHints":{"allow":["GET"]}}],"collection":[{"href":"https:\/\/shop.labi.lv\/lv\/wp-json\/wp\/v2\/pages"}],"about":[{"href":"https:\/\/shop.labi.lv\/lv\/wp-json\/wp\/v2\/types\/page"}],"author":[{"embeddable":true,"href":"https:\/\/shop.labi.lv\/lv\/wp-json\/wp\/v2\/users\/1"}],"replies":[{"embeddable":true,"href":"https:\/\/shop.labi.lv\/lv\/wp-json\/wp\/v2\/comments?post=86"}],"version-history":[{"count":8,"href":"https:\/\/shop.labi.lv\/lv\/wp-json\/wp\/v2\/pages\/86\/revisions"}],"predecessor-version":[{"id":5342,"href":"https:\/\/shop.labi.lv\/lv\/wp-json\/wp\/v2\/pages\/86\/revisions\/5342"}],"up":[{"embeddable":true,"href":"https:\/\/shop.labi.lv\/lv\/wp-json\/wp\/v2\/pages\/9"}],"wp:attachment":[{"href":"https:\/\/shop.labi.lv\/lv\/wp-json\/wp\/v2\/media?parent=86"}],"curies":[{"name":"wp","href":"https:\/\/api.w.org\/{rel}","templated":true}]}}