  {"id":88,"date":"2013-08-06T13:39:49","date_gmt":"2013-08-06T11:39:49","guid":{"rendered":"http:\/\/localhost\/wp\/?page_id=88"},"modified":"2023-12-19T18:00:27","modified_gmt":"2023-12-19T16:00:27","slug":"farmakolo%c4%a3iski-prepar%c4%81ti","status":"publish","type":"page","link":"https:\/\/shop.labi.lv\/lv\/int%c4%abmpreces\/farmakolo%c4%a3iski-prepar%c4%81ti\/","title":{"rendered":"Farmakolo\u0123iski prepar\u0101ti"},"content":{"rendered":"<h2>Farmakolo\u0123ija<\/h2>\n<ul class=\"same-page-links\">\n<li><a href=\"#for-women\">Farmakolo\u0123ija sieviet\u0113m<\/a><\/li>\n<li><a href=\"#for-men\">Farmakolo\u0123ija v\u012brie\u0161iem<\/a><\/li>\n<li><a href=\"#for-both\">Farmakolo\u0123ija abiem partneriem<\/a><\/li>\n<\/ul>\n<p>Mas\u0101\u017eas l\u012bdzek\u013ci un kremi pal\u012bdz\u0113s Jums atsl\u0101bin\u0101ties un g\u016bt maksim\u0101lo baudu seksa laik\u0101.<\/p>\n<h2 id=\"for-women\" class=\"same-page-link\">Farmakolo\u0123ija sieviet\u0113m<\/h2>\n<p>Sortiment\u0101 ir <a title=\"farmakolo\u0123ija sieviet\u0113m\" href=\"https:\/\/tev.lv\/lv\/kr\u0113mi-un-prepar\u0101ti-sieviet\u0113m\" target=\"_blank\" rel=\"noopener\">pal\u012bgl\u012bdzek\u013ci sieviet\u0113m<\/a>, kas padara erog\u0113nas zonas jut\u012bg\u0101kas, k\u0101 ar\u012b dzimumorg\u0101nus kopjo\u0161i kr\u0113mi.<\/p>\n<div id='gallery-1' class='gallery galleryid-88 gallery-columns-3 gallery-size-thumbnail'><figure class='gallery-item'>\n\t\t\t<div class='gallery-icon landscape'>\n\t\t\t\t<a href='https:\/\/shop.labi.lv\/lv\/wp-content\/uploads\/2013\/08\/shiatsu_stimgel_cherry_001.jpg'><img loading=\"lazy\" decoding=\"async\" width=\"150\" height=\"150\" src=\"https:\/\/shop.labi.lv\/lv\/wp-content\/uploads\/2013\/08\/shiatsu_stimgel_cherry_001-150x150.jpg\" class=\"attachment-thumbnail size-thumbnail\" alt=\"Stimulation gel\" aria-describedby=\"gallery-1-772\" srcset=\"https:\/\/shop.labi.lv\/lv\/wp-content\/uploads\/2013\/08\/shiatsu_stimgel_cherry_001-150x150.jpg 150w, https:\/\/shop.labi.lv\/lv\/wp-content\/uploads\/2013\/08\/shiatsu_stimgel_cherry_001-300x300.jpg 300w, https:\/\/shop.labi.lv\/lv\/wp-content\/uploads\/2013\/08\/shiatsu_stimgel_cherry_001.jpg 450w\" sizes=\"auto, (max-width: 150px) 100vw, 150px\" \/><\/a>\n\t\t\t<\/div>\n\t\t\t\t<figcaption class='wp-caption-text gallery-caption' id='gallery-1-772'>\n\t\t\t\tStimulation gel\n\t\t\t\t<\/figcaption><\/figure><figure class='gallery-item'>\n\t\t\t<div class='gallery-icon landscape'>\n\t\t\t\t<a href='https:\/\/shop.labi.lv\/lv\/wp-content\/uploads\/2013\/08\/shiatsu-geisha-s-dream-31.jpg'><img loading=\"lazy\" decoding=\"async\" width=\"150\" height=\"150\" src=\"https:\/\/shop.labi.lv\/lv\/wp-content\/uploads\/2013\/08\/shiatsu-geisha-s-dream-31-150x150.jpg\" class=\"attachment-thumbnail size-thumbnail\" alt=\"Geisha&#039;s dream\" aria-describedby=\"gallery-1-773\" srcset=\"https:\/\/shop.labi.lv\/lv\/wp-content\/uploads\/2013\/08\/shiatsu-geisha-s-dream-31-150x150.jpg 150w, https:\/\/shop.labi.lv\/lv\/wp-content\/uploads\/2013\/08\/shiatsu-geisha-s-dream-31-300x300.jpg 300w, https:\/\/shop.labi.lv\/lv\/wp-content\/uploads\/2013\/08\/shiatsu-geisha-s-dream-31.jpg 500w\" sizes=\"auto, (max-width: 150px) 100vw, 150px\" \/><\/a>\n\t\t\t<\/div>\n\t\t\t\t<figcaption class='wp-caption-text gallery-caption' id='gallery-1-773'>\n\t\t\t\tGeisha&#8217;s dream\n\t\t\t\t<\/figcaption><\/figure><figure class='gallery-item'>\n\t\t\t<div class='gallery-icon landscape'>\n\t\t\t\t<a href='https:\/\/shop.labi.lv\/lv\/wp-content\/uploads\/2013\/08\/vactiv_stimspray_woman_003.jpg'><img loading=\"lazy\" decoding=\"async\" width=\"150\" height=\"150\" src=\"https:\/\/shop.labi.lv\/lv\/wp-content\/uploads\/2013\/08\/vactiv_stimspray_woman_003-150x150.jpg\" class=\"attachment-thumbnail size-thumbnail\" alt=\"V-activ women\" aria-describedby=\"gallery-1-775\" srcset=\"https:\/\/shop.labi.lv\/lv\/wp-content\/uploads\/2013\/08\/vactiv_stimspray_woman_003-150x150.jpg 150w, https:\/\/shop.labi.lv\/lv\/wp-content\/uploads\/2013\/08\/vactiv_stimspray_woman_003-300x300.jpg 300w, https:\/\/shop.labi.lv\/lv\/wp-content\/uploads\/2013\/08\/vactiv_stimspray_woman_003.jpg 450w\" sizes=\"auto, (max-width: 150px) 100vw, 150px\" \/><\/a>\n\t\t\t<\/div>\n\t\t\t\t<figcaption class='wp-caption-text gallery-caption' id='gallery-1-775'>\n\t\t\t\tV-activ women\n\t\t\t\t<\/figcaption><\/figure><figure class='gallery-item'>\n\t\t\t<div class='gallery-icon landscape'>\n\t\t\t\t<a href='https:\/\/shop.labi.lv\/lv\/wp-content\/uploads\/2013\/08\/06174310000.jpg'><img loading=\"lazy\" decoding=\"async\" width=\"150\" height=\"150\" src=\"https:\/\/shop.labi.lv\/lv\/wp-content\/uploads\/2013\/08\/06174310000-150x150.jpg\" class=\"attachment-thumbnail size-thumbnail\" alt=\"Madame orgasm\" aria-describedby=\"gallery-1-770\" srcset=\"https:\/\/shop.labi.lv\/lv\/wp-content\/uploads\/2013\/08\/06174310000-150x150.jpg 150w, https:\/\/shop.labi.lv\/lv\/wp-content\/uploads\/2013\/08\/06174310000-300x300.jpg 300w, https:\/\/shop.labi.lv\/lv\/wp-content\/uploads\/2013\/08\/06174310000.jpg 500w\" sizes=\"auto, (max-width: 150px) 100vw, 150px\" \/><\/a>\n\t\t\t<\/div>\n\t\t\t\t<figcaption class='wp-caption-text gallery-caption' id='gallery-1-770'>\n\t\t\t\tMadame orgasm\n\t\t\t\t<\/figcaption><\/figure><figure class='gallery-item'>\n\t\t\t<div class='gallery-icon landscape'>\n\t\t\t\t<a href='https:\/\/shop.labi.lv\/lv\/wp-content\/uploads\/2013\/08\/spray_06155870000.jpg'><img loading=\"lazy\" decoding=\"async\" width=\"150\" height=\"150\" src=\"https:\/\/shop.labi.lv\/lv\/wp-content\/uploads\/2013\/08\/spray_06155870000-150x150.jpg\" class=\"attachment-thumbnail size-thumbnail\" alt=\"Clitoris spray\" aria-describedby=\"gallery-1-774\" srcset=\"https:\/\/shop.labi.lv\/lv\/wp-content\/uploads\/2013\/08\/spray_06155870000-150x150.jpg 150w, https:\/\/shop.labi.lv\/lv\/wp-content\/uploads\/2013\/08\/spray_06155870000-300x300.jpg 300w, https:\/\/shop.labi.lv\/lv\/wp-content\/uploads\/2013\/08\/spray_06155870000.jpg 500w\" sizes=\"auto, (max-width: 150px) 100vw, 150px\" \/><\/a>\n\t\t\t<\/div>\n\t\t\t\t<figcaption class='wp-caption-text gallery-caption' id='gallery-1-774'>\n\t\t\t\tClitoris spray\n\t\t\t\t<\/figcaption><\/figure><figure class='gallery-item'>\n\t\t\t<div class='gallery-icon landscape'>\n\t\t\t\t<a href='https:\/\/shop.labi.lv\/lv\/wp-content\/uploads\/2013\/08\/hot_clean_spray_green_001.jpg'><img loading=\"lazy\" decoding=\"async\" width=\"150\" height=\"150\" src=\"https:\/\/shop.labi.lv\/lv\/wp-content\/uploads\/2013\/08\/hot_clean_spray_green_001-150x150.jpg\" class=\"attachment-thumbnail size-thumbnail\" alt=\"Clean spray\" aria-describedby=\"gallery-1-771\" srcset=\"https:\/\/shop.labi.lv\/lv\/wp-content\/uploads\/2013\/08\/hot_clean_spray_green_001-150x150.jpg 150w, https:\/\/shop.labi.lv\/lv\/wp-content\/uploads\/2013\/08\/hot_clean_spray_green_001-300x300.jpg 300w, https:\/\/shop.labi.lv\/lv\/wp-content\/uploads\/2013\/08\/hot_clean_spray_green_001.jpg 450w\" sizes=\"auto, (max-width: 150px) 100vw, 150px\" \/><\/a>\n\t\t\t<\/div>\n\t\t\t\t<figcaption class='wp-caption-text gallery-caption' id='gallery-1-771'>\n\t\t\t\tClean spray\n\t\t\t\t<\/figcaption><\/figure>\n\t\t<\/div>\n\n<h2 id=\"for-men\" class=\"same-page-link\">Farmakolo\u0123ija v\u012brie\u0161iem<\/h2>\n<p>Sortiment\u0101 ir <a title=\"l\u012bdzek\u013ci potences uzlabo\u0161anai\" href=\"https:\/\/tev.lv\/lv\/l\u012bdzek\u013ci-potences-uzlabo\u0161anai\" target=\"_blank\" rel=\"noopener\">l\u012bdzek\u013ci potences uzlabo\u0161anai<\/a>, <a title=\"prepar\u0101ti ilg\u0101kam dzimumaktam\" href=\"https:\/\/tev.lv\/lv\/l\u012bdzek\u013ci-ilg\u0101kam-dzimumaktam\" target=\"_blank\" rel=\"noopener\">prepar\u0101ti ilg\u0101kam dzimumaktam<\/a> un <a title=\"kopjo\u0161i kr\u0113mi dzimumorg\u0101niem\" href=\"https:\/\/tev.lv\/lv\/kr\u0113mi-un-prepar\u0101ti-abiem-partneriem\" target=\"_blank\" rel=\"noopener\">kopjo\u0161i kr\u0113mi dzimumorg\u0101niem<\/a>.<\/p>\n<p>Pal\u012bgl\u012bdzek\u013ci v\u012brie\u0161iem, kas <a title=\"nodro\u0161ina ilg\u0101ku erekciju\" href=\"https:\/\/tev.lv\/lv\/l\u012bdzek\u013ci-potences-uzlabo\u0161anai\" target=\"_blank\" rel=\"noopener\">nodro\u0161ina ilg\u0101ku erekciju<\/a> un <a title=\"palielina erog\u0113no zonu jut\u012bgumu\" href=\"https:\/\/tev.lv\/lv\/kr\u0113mi-un-prepar\u0101ti-abiem-partneriem\" target=\"_blank\" rel=\"noopener\">palielina erog\u0113no zonu j\u016bt\u012bgumu<\/a>, k\u0101 ar\u012b <a title=\"sildo\u0161i un atv\u0113sino\u0161i kr\u0113mi\" href=\"https:\/\/tev.lv\/lv\/kr\u0113mi-un-prepar\u0101ti-abiem-partneriem\" target=\"_blank\" rel=\"noopener\">sildo\u0161i un atv\u0113sino\u0161i kr\u0113mi<\/a>.<\/p>\n<div id='gallery-2' class='gallery galleryid-88 gallery-columns-3 gallery-size-thumbnail'><figure class='gallery-item'>\n\t\t\t<div class='gallery-icon landscape'>\n\t\t\t\t<a href='https:\/\/shop.labi.lv\/lv\/wp-content\/uploads\/2013\/08\/3000000976_2.jpg'><img loading=\"lazy\" decoding=\"async\" width=\"150\" height=\"150\" src=\"https:\/\/shop.labi.lv\/lv\/wp-content\/uploads\/2013\/08\/3000000976_2-150x150.jpg\" class=\"attachment-thumbnail size-thumbnail\" alt=\"Largo\" aria-describedby=\"gallery-2-777\" srcset=\"https:\/\/shop.labi.lv\/lv\/wp-content\/uploads\/2013\/08\/3000000976_2-150x150.jpg 150w, https:\/\/shop.labi.lv\/lv\/wp-content\/uploads\/2013\/08\/3000000976_2-300x300.jpg 300w, https:\/\/shop.labi.lv\/lv\/wp-content\/uploads\/2013\/08\/3000000976_2.jpg 450w\" sizes=\"auto, (max-width: 150px) 100vw, 150px\" \/><\/a>\n\t\t\t<\/div>\n\t\t\t\t<figcaption class='wp-caption-text gallery-caption' id='gallery-2-777'>\n\t\t\t\tLargo\n\t\t\t\t<\/figcaption><\/figure><figure class='gallery-item'>\n\t\t\t<div class='gallery-icon landscape'>\n\t\t\t\t<a href='https:\/\/shop.labi.lv\/lv\/wp-content\/uploads\/2013\/08\/pjur_med_energy_1.jpg'><img loading=\"lazy\" decoding=\"async\" width=\"150\" height=\"150\" src=\"https:\/\/shop.labi.lv\/lv\/wp-content\/uploads\/2013\/08\/pjur_med_energy_1-150x150.jpg\" class=\"attachment-thumbnail size-thumbnail\" alt=\"Pjur Energy glide\" aria-describedby=\"gallery-2-781\" srcset=\"https:\/\/shop.labi.lv\/lv\/wp-content\/uploads\/2013\/08\/pjur_med_energy_1-150x150.jpg 150w, https:\/\/shop.labi.lv\/lv\/wp-content\/uploads\/2013\/08\/pjur_med_energy_1-300x300.jpg 300w, https:\/\/shop.labi.lv\/lv\/wp-content\/uploads\/2013\/08\/pjur_med_energy_1.jpg 530w\" sizes=\"auto, (max-width: 150px) 100vw, 150px\" \/><\/a>\n\t\t\t<\/div>\n\t\t\t\t<figcaption class='wp-caption-text gallery-caption' id='gallery-2-781'>\n\t\t\t\tPjur Energy glide\n\t\t\t\t<\/figcaption><\/figure><figure class='gallery-item'>\n\t\t\t<div class='gallery-icon landscape'>\n\t\t\t\t<a href='https:\/\/shop.labi.lv\/lv\/wp-content\/uploads\/2013\/08\/inverma-magnaphall-31.jpg'><img loading=\"lazy\" decoding=\"async\" width=\"150\" height=\"150\" src=\"https:\/\/shop.labi.lv\/lv\/wp-content\/uploads\/2013\/08\/inverma-magnaphall-31-150x150.jpg\" class=\"attachment-thumbnail size-thumbnail\" alt=\"Magnaphall\" aria-describedby=\"gallery-2-779\" srcset=\"https:\/\/shop.labi.lv\/lv\/wp-content\/uploads\/2013\/08\/inverma-magnaphall-31-150x150.jpg 150w, https:\/\/shop.labi.lv\/lv\/wp-content\/uploads\/2013\/08\/inverma-magnaphall-31-300x300.jpg 300w, https:\/\/shop.labi.lv\/lv\/wp-content\/uploads\/2013\/08\/inverma-magnaphall-31.jpg 450w\" sizes=\"auto, (max-width: 150px) 100vw, 150px\" \/><\/a>\n\t\t\t<\/div>\n\t\t\t\t<figcaption class='wp-caption-text gallery-caption' id='gallery-2-779'>\n\t\t\t\tMagnaphall\n\t\t\t\t<\/figcaption><\/figure><figure class='gallery-item'>\n\t\t\t<div class='gallery-icon landscape'>\n\t\t\t\t<a href='https:\/\/shop.labi.lv\/lv\/wp-content\/uploads\/2013\/08\/potenz_starker_001.jpg'><img loading=\"lazy\" decoding=\"async\" width=\"150\" height=\"150\" src=\"https:\/\/shop.labi.lv\/lv\/wp-content\/uploads\/2013\/08\/potenz_starker_001-150x150.jpg\" class=\"attachment-thumbnail size-thumbnail\" alt=\"Potenz Starker\" aria-describedby=\"gallery-2-780\" srcset=\"https:\/\/shop.labi.lv\/lv\/wp-content\/uploads\/2013\/08\/potenz_starker_001-150x150.jpg 150w, https:\/\/shop.labi.lv\/lv\/wp-content\/uploads\/2013\/08\/potenz_starker_001-300x300.jpg 300w, https:\/\/shop.labi.lv\/lv\/wp-content\/uploads\/2013\/08\/potenz_starker_001.jpg 450w\" sizes=\"auto, (max-width: 150px) 100vw, 150px\" \/><\/a>\n\t\t\t<\/div>\n\t\t\t\t<figcaption class='wp-caption-text gallery-caption' id='gallery-2-780'>\n\t\t\t\tPotenz Starker\n\t\t\t\t<\/figcaption><\/figure><figure class='gallery-item'>\n\t\t\t<div class='gallery-icon landscape'>\n\t\t\t\t<a href='https:\/\/shop.labi.lv\/lv\/wp-content\/uploads\/2013\/08\/mb_40ml.jpg'><img loading=\"lazy\" decoding=\"async\" width=\"150\" height=\"150\" src=\"https:\/\/shop.labi.lv\/lv\/wp-content\/uploads\/2013\/08\/mb_40ml-150x150.jpg\" class=\"attachment-thumbnail size-thumbnail\" alt=\"Man&#039;s BEST\" aria-describedby=\"gallery-2-783\" srcset=\"https:\/\/shop.labi.lv\/lv\/wp-content\/uploads\/2013\/08\/mb_40ml-150x150.jpg 150w, https:\/\/shop.labi.lv\/lv\/wp-content\/uploads\/2013\/08\/mb_40ml-300x300.jpg 300w, https:\/\/shop.labi.lv\/lv\/wp-content\/uploads\/2013\/08\/mb_40ml.jpg 630w\" sizes=\"auto, (max-width: 150px) 100vw, 150px\" \/><\/a>\n\t\t\t<\/div>\n\t\t\t\t<figcaption class='wp-caption-text gallery-caption' id='gallery-2-783'>\n\t\t\t\tMan&#8217;s BEST\n\t\t\t\t<\/figcaption><\/figure><figure class='gallery-item'>\n\t\t\t<div class='gallery-icon portrait'>\n\t\t\t\t<a href='https:\/\/shop.labi.lv\/lv\/wp-content\/uploads\/2013\/08\/corige_a_langzeit_01.jpg'><img loading=\"lazy\" decoding=\"async\" width=\"150\" height=\"150\" src=\"https:\/\/shop.labi.lv\/lv\/wp-content\/uploads\/2013\/08\/corige_a_langzeit_01-150x150.jpg\" class=\"attachment-thumbnail size-thumbnail\" alt=\"COR rige A Langzeit\" aria-describedby=\"gallery-2-778\" \/><\/a>\n\t\t\t<\/div>\n\t\t\t\t<figcaption class='wp-caption-text gallery-caption' id='gallery-2-778'>\n\t\t\t\tCOR rige A Langzeit\n\t\t\t\t<\/figcaption><\/figure>\n\t\t<\/div>\n\n<h2 id=\"for-both\" class=\"same-page-link\">Farmakolo\u0123ija abiem partneriem<\/h2>\n<p>Farmakolo\u0123ija &#8211; visda\u017e\u0101d\u0101k\u0101s sm\u0113res un <a title=\"lubrikanti\" href=\"https:\/\/tev.lv\/lv\/Lubrikanti\" target=\"_blank\" rel=\"noopener\">lubrikanti<\/a> ar da\u017e\u0101d\u0101m smar\u017e\u0101m padar\u012bs J\u016bsu seksu\u0101l\u0101s saldkaisles br\u012b\u017eus par neaizmirstamiem.<\/p>\n<p>Sortiment\u0101 pla\u0161s l\u012bdzek\u013cu kl\u0101sts gan sieviet\u0113m, gan v\u012brie\u0161iem &#8211; da\u017e\u0101di <a title=\"uzbudin\u0101t\u0101ji\" href=\"https:\/\/tev.lv\/lv\/Uzbudin\u0101t\u0101ji\" target=\"_blank\" rel=\"noopener\">uzbudin\u0101t\u0101ji<\/a>, <a title=\"mas\u0101\u017eas e\u013c\u013cas un sveces\" href=\"https:\/\/tev.lv\/lv\/mas\u0101\u017eas-e\u013c\u013cas-un-sveces\" target=\"_blank\" rel=\"noopener\">mas\u0101\u017eas e\u013c\u013cas un sveces<\/a>, k\u0101 ar\u012b univers\u0101li <a title=\"dezinfic\u0113jo\u0161i t\u012br\u012b\u0161anas l\u012bdzek\u013ci\" href=\"https:\/\/tev.lv\/lv\/dezinfic\u0113jo\u0161i-t\u012br\u012b\u0161anas-l\u012bdzek\u013ci\" target=\"_blank\" rel=\"noopener\">dezinfic\u0113jo\u0161i t\u012br\u012b\u0161anas l\u012bdzek\u013ci<\/a> seksa manti\u0146\u0101m.<\/p>\n<div id='gallery-3' class='gallery galleryid-88 gallery-columns-3 gallery-size-thumbnail'><figure class='gallery-item'>\n\t\t\t<div class='gallery-icon landscape'>\n\t\t\t\t<a href='https:\/\/shop.labi.lv\/lv\/wp-content\/uploads\/2013\/08\/06172020000_001.jpg'><img loading=\"lazy\" decoding=\"async\" width=\"150\" height=\"150\" src=\"https:\/\/shop.labi.lv\/lv\/wp-content\/uploads\/2013\/08\/06172020000_001-150x150.jpg\" class=\"attachment-thumbnail size-thumbnail\" alt=\"AQUA glide\" aria-describedby=\"gallery-3-785\" srcset=\"https:\/\/shop.labi.lv\/lv\/wp-content\/uploads\/2013\/08\/06172020000_001-150x150.jpg 150w, https:\/\/shop.labi.lv\/lv\/wp-content\/uploads\/2013\/08\/06172020000_001-300x300.jpg 300w, https:\/\/shop.labi.lv\/lv\/wp-content\/uploads\/2013\/08\/06172020000_001.jpg 450w\" sizes=\"auto, (max-width: 150px) 100vw, 150px\" \/><\/a>\n\t\t\t<\/div>\n\t\t\t\t<figcaption class='wp-caption-text gallery-caption' id='gallery-3-785'>\n\t\t\t\tAQUA glide\n\t\t\t\t<\/figcaption><\/figure><figure class='gallery-item'>\n\t\t\t<div class='gallery-icon landscape'>\n\t\t\t\t<a href='https:\/\/shop.labi.lv\/lv\/wp-content\/uploads\/2013\/08\/creme_69_deluxe_0011.jpg'><img loading=\"lazy\" decoding=\"async\" width=\"150\" height=\"150\" src=\"https:\/\/shop.labi.lv\/lv\/wp-content\/uploads\/2013\/08\/creme_69_deluxe_0011-150x150.jpg\" class=\"attachment-thumbnail size-thumbnail\" alt=\"Creme 69 De luxe\" aria-describedby=\"gallery-3-786\" srcset=\"https:\/\/shop.labi.lv\/lv\/wp-content\/uploads\/2013\/08\/creme_69_deluxe_0011-150x150.jpg 150w, https:\/\/shop.labi.lv\/lv\/wp-content\/uploads\/2013\/08\/creme_69_deluxe_0011-300x300.jpg 300w, https:\/\/shop.labi.lv\/lv\/wp-content\/uploads\/2013\/08\/creme_69_deluxe_0011.jpg 450w\" sizes=\"auto, (max-width: 150px) 100vw, 150px\" \/><\/a>\n\t\t\t<\/div>\n\t\t\t\t<figcaption class='wp-caption-text gallery-caption' id='gallery-3-786'>\n\t\t\t\tCreme 69 De luxe\n\t\t\t\t<\/figcaption><\/figure><figure class='gallery-item'>\n\t\t\t<div class='gallery-icon landscape'>\n\t\t\t\t<a href='https:\/\/shop.labi.lv\/lv\/wp-content\/uploads\/2013\/08\/exxtreme_anal_spray_003.jpg'><img loading=\"lazy\" decoding=\"async\" width=\"150\" height=\"150\" src=\"https:\/\/shop.labi.lv\/lv\/wp-content\/uploads\/2013\/08\/exxtreme_anal_spray_003-150x150.jpg\" class=\"attachment-thumbnail size-thumbnail\" alt=\"eXXtreme anal spray\" aria-describedby=\"gallery-3-787\" srcset=\"https:\/\/shop.labi.lv\/lv\/wp-content\/uploads\/2013\/08\/exxtreme_anal_spray_003-150x150.jpg 150w, https:\/\/shop.labi.lv\/lv\/wp-content\/uploads\/2013\/08\/exxtreme_anal_spray_003-300x300.jpg 300w, https:\/\/shop.labi.lv\/lv\/wp-content\/uploads\/2013\/08\/exxtreme_anal_spray_003.jpg 450w\" sizes=\"auto, (max-width: 150px) 100vw, 150px\" \/><\/a>\n\t\t\t<\/div>\n\t\t\t\t<figcaption class='wp-caption-text gallery-caption' id='gallery-3-787'>\n\t\t\t\teXXtreme anal spray\n\t\t\t\t<\/figcaption><\/figure><figure class='gallery-item'>\n\t\t\t<div class='gallery-icon landscape'>\n\t\t\t\t<a href='https:\/\/shop.labi.lv\/lv\/wp-content\/uploads\/2013\/08\/id_frutopia_raspberry_001.jpg'><img loading=\"lazy\" decoding=\"async\" width=\"150\" height=\"150\" src=\"https:\/\/shop.labi.lv\/lv\/wp-content\/uploads\/2013\/08\/id_frutopia_raspberry_001-150x150.jpg\" class=\"attachment-thumbnail size-thumbnail\" alt=\"Frutipia ID\" aria-describedby=\"gallery-3-788\" srcset=\"https:\/\/shop.labi.lv\/lv\/wp-content\/uploads\/2013\/08\/id_frutopia_raspberry_001-150x150.jpg 150w, https:\/\/shop.labi.lv\/lv\/wp-content\/uploads\/2013\/08\/id_frutopia_raspberry_001-300x300.jpg 300w, https:\/\/shop.labi.lv\/lv\/wp-content\/uploads\/2013\/08\/id_frutopia_raspberry_001.jpg 450w\" sizes=\"auto, (max-width: 150px) 100vw, 150px\" \/><\/a>\n\t\t\t<\/div>\n\t\t\t\t<figcaption class='wp-caption-text gallery-caption' id='gallery-3-788'>\n\t\t\t\tFrutipia ID\n\t\t\t\t<\/figcaption><\/figure><figure class='gallery-item'>\n\t\t\t<div class='gallery-icon landscape'>\n\t\t\t\t<a href='https:\/\/shop.labi.lv\/lv\/wp-content\/uploads\/2013\/08\/mb_40ml.jpg'><img loading=\"lazy\" decoding=\"async\" width=\"150\" height=\"150\" src=\"https:\/\/shop.labi.lv\/lv\/wp-content\/uploads\/2013\/08\/mb_40ml-150x150.jpg\" class=\"attachment-thumbnail size-thumbnail\" alt=\"Man&#039;s BEST\" aria-describedby=\"gallery-3-783\" srcset=\"https:\/\/shop.labi.lv\/lv\/wp-content\/uploads\/2013\/08\/mb_40ml-150x150.jpg 150w, https:\/\/shop.labi.lv\/lv\/wp-content\/uploads\/2013\/08\/mb_40ml-300x300.jpg 300w, https:\/\/shop.labi.lv\/lv\/wp-content\/uploads\/2013\/08\/mb_40ml.jpg 630w\" sizes=\"auto, (max-width: 150px) 100vw, 150px\" \/><\/a>\n\t\t\t<\/div>\n\t\t\t\t<figcaption class='wp-caption-text gallery-caption' id='gallery-3-783'>\n\t\t\t\tMan&#8217;s BEST\n\t\t\t\t<\/figcaption><\/figure><figure class='gallery-item'>\n\t\t\t<div class='gallery-icon landscape'>\n\t\t\t\t<a href='https:\/\/shop.labi.lv\/lv\/wp-content\/uploads\/2013\/08\/pjur_med_energy_1.jpg'><img loading=\"lazy\" decoding=\"async\" width=\"150\" height=\"150\" src=\"https:\/\/shop.labi.lv\/lv\/wp-content\/uploads\/2013\/08\/pjur_med_energy_1-150x150.jpg\" class=\"attachment-thumbnail size-thumbnail\" alt=\"Pjur Energy glide\" aria-describedby=\"gallery-3-781\" srcset=\"https:\/\/shop.labi.lv\/lv\/wp-content\/uploads\/2013\/08\/pjur_med_energy_1-150x150.jpg 150w, https:\/\/shop.labi.lv\/lv\/wp-content\/uploads\/2013\/08\/pjur_med_energy_1-300x300.jpg 300w, https:\/\/shop.labi.lv\/lv\/wp-content\/uploads\/2013\/08\/pjur_med_energy_1.jpg 530w\" sizes=\"auto, (max-width: 150px) 100vw, 150px\" \/><\/a>\n\t\t\t<\/div>\n\t\t\t\t<figcaption class='wp-caption-text gallery-caption' id='gallery-3-781'>\n\t\t\t\tPjur Energy glide\n\t\t\t\t<\/figcaption><\/figure>\n\t\t<\/div>\n\n<p>Pal\u012bgl\u012bdzek\u013ci sieviet\u0113m un v\u012brie\u0161iem, kas nodro\u0161ina ilg\u0101ku erekciju un erog\u0113nas zonas padara j\u016bt\u012bg\u0101kas. Vis\u0101 pasaul\u0113 paz\u012bstama: <a title=\"sp\u0101\u0146u mu\u0161a\" href=\"https:\/\/tev.lv\/lv\/search?q=spanish+fly&#038;cid=0&#038;mid=0&#038;advs=false&#038;isc=false&#038;sid=false\" target=\"_blank\" rel=\"noopener\">sp\u0101\u0146u mu\u0161i\u0146a<\/a>, <a title=\"Erosexin\" href=\"https:\/\/tev.lv\/lv\/search?q=erosexin\" target=\"_blank\" rel=\"noopener\">Erosexin<\/a>, k\u0101 ar\u012b citi l\u012bdzek\u013ci.<\/p>\n","protected":false},"excerpt":{"rendered":"<p>Farmakolo\u0123ija Farmakolo\u0123ija sieviet\u0113m Farmakolo\u0123ija v\u012brie\u0161iem Farmakolo\u0123ija abiem partneriem Mas\u0101\u017eas l\u012bdzek\u013ci un kremi pal\u012bdz\u0113s Jums atsl\u0101bin\u0101ties un g\u016bt maksim\u0101lo baudu seksa&hellip;<\/p>\n","protected":false},"author":1,"featured_media":0,"parent":9,"menu_order":0,"comment_status":"closed","ping_status":"closed","template":"","meta":{"footnotes":""},"class_list":["post-88","page","type-page","status-publish","hentry"],"_links":{"self":[{"href":"https:\/\/shop.labi.lv\/lv\/wp-json\/wp\/v2\/pages\/88","targetHints":{"allow":["GET"]}}],"collection":[{"href":"https:\/\/shop.labi.lv\/lv\/wp-json\/wp\/v2\/pages"}],"about":[{"href":"https:\/\/shop.labi.lv\/lv\/wp-json\/wp\/v2\/types\/page"}],"author":[{"embeddable":true,"href":"https:\/\/shop.labi.lv\/lv\/wp-json\/wp\/v2\/users\/1"}],"replies":[{"embeddable":true,"href":"https:\/\/shop.labi.lv\/lv\/wp-json\/wp\/v2\/comments?post=88"}],"version-history":[{"count":23,"href":"https:\/\/shop.labi.lv\/lv\/wp-json\/wp\/v2\/pages\/88\/revisions"}],"predecessor-version":[{"id":5346,"href":"https:\/\/shop.labi.lv\/lv\/wp-json\/wp\/v2\/pages\/88\/revisions\/5346"}],"up":[{"embeddable":true,"href":"https:\/\/shop.labi.lv\/lv\/wp-json\/wp\/v2\/pages\/9"}],"wp:attachment":[{"href":"https:\/\/shop.labi.lv\/lv\/wp-json\/wp\/v2\/media?parent=88"}],"curies":[{"name":"wp","href":"https:\/\/api.w.org\/{rel}","templated":true}]}}