  {"id":9,"date":"2013-06-19T10:09:03","date_gmt":"2013-06-19T10:09:03","guid":{"rendered":"http:\/\/localhost\/wp\/?page_id=5"},"modified":"2023-12-19T16:47:16","modified_gmt":"2023-12-19T14:47:16","slug":"int%c4%abmpreces","status":"publish","type":"page","link":"https:\/\/shop.labi.lv\/lv\/int%c4%abmpreces\/","title":{"rendered":"Int\u012bmpreces"},"content":{"rendered":"<p>Int\u012bmpreces, preces seksam, int\u012bm\u0101s preces jeb seksa preces \u2014 salonos \u201eLABI\u201d un interneta veikal\u0101 \u201eTEV.LV\u201d J\u016bs varat t\u0101s ieg\u0101d\u0101ties par pat\u012bkam\u0101m cen\u0101m!<\/p>\n<blockquote><p>Salonos \u201eLABI\u201d un interneta veikala \u201eTEV.LV\u201d sortiment\u0101 ir vispla\u0161\u0101kais int\u012bmpre\u010du kl\u0101sts R\u012bg\u0101 un Latvij\u0101!<\/p><\/blockquote>\n<p>Pre\u010du da\u017e\u0101d\u012bba nodro\u0161ina ikviena klienta v\u0113lmju piepild\u012bjumu.<\/p>\n<p><img loading=\"lazy\" decoding=\"async\" class=\"aligncenter wp-image-2134 size-full\" src=\"https:\/\/shop.labi.lv\/lv\/wp-content\/uploads\/2013\/06\/dildos3.jpg\" alt=\"dildo\" width=\"460\" height=\"150\" srcset=\"https:\/\/shop.labi.lv\/lv\/wp-content\/uploads\/2013\/06\/dildos3.jpg 460w, https:\/\/shop.labi.lv\/lv\/wp-content\/uploads\/2013\/06\/dildos3-300x98.jpg 300w\" sizes=\"auto, (max-width: 460px) 100vw, 460px\" \/><\/p>\n<p>Vair\u0101k k\u0101 tr\u012bsdesmit gadu pieredze int\u012bmpre\u010du tirdzniec\u012bbas jom\u0101 nodro\u0161ina prec\u012bzu m\u016bsu pirc\u0113ju un apmekl\u0113t\u0101ju vajadz\u012bbu izzin\u0101\u0161anu. \u0160aj\u0101 laik\u0101 esam izveidoju\u0161i stabilu sadarb\u012bbu ar int\u012bmpre\u010du, seksa pre\u010du un erotisku pre\u010du ra\u017eot\u0101jiem (izstr\u0101d\u0101t\u0101jiem un r\u016bpn\u012bc\u0101m) k\u0101 Eirop\u0101 (Bulg\u0101rija, V\u0101cija, \u0160veice, Zviedrija, Lielbrit\u0101nija, N\u012bderlande, Latvija), Zieme\u013camerik\u0101 (ASV un Kan\u0101da), t\u0101 ar\u012b \u0100zij\u0101 (Jap\u0101na un \u0136\u012bna).<\/p>\n<blockquote><p>T\u0101 k\u0101 m\u0113s pas\u016btam int\u012bmpreces bez starpniekiem (tie\u0161i no ra\u017eot\u0101jiem), tas salonos \u201eLABI\u201d un interneta veikal\u0101 \u201eTEV.LV\u201d nodro\u0161ina cenas, kas ir zem\u0101kas par konkurentu pied\u0101v\u0101taj\u0101m!<\/p><\/blockquote>\n<p><img loading=\"lazy\" decoding=\"async\" class=\"aligncenter wp-image-2135 size-full\" src=\"https:\/\/shop.labi.lv\/lv\/wp-content\/uploads\/2013\/06\/dildos4.jpg\" alt=\"dildo\" width=\"460\" height=\"150\" srcset=\"https:\/\/shop.labi.lv\/lv\/wp-content\/uploads\/2013\/06\/dildos4.jpg 460w, https:\/\/shop.labi.lv\/lv\/wp-content\/uploads\/2013\/06\/dildos4-300x98.jpg 300w\" sizes=\"auto, (max-width: 460px) 100vw, 460px\" \/><\/p>\n<h2>D\u0101vanu kartes<\/h2>\n<p>Univers\u0101la un pikanta d\u0101vana m\u016bsdien\u012bgiem cilv\u0113kiem! Salonu \u201eLABI\u201d person\u0101ls <a href=\"https:\/\/tev.lv\/lv\/d\u0101vanu-kartes\/\">d\u0101vanu kartes<\/a> sa\u0146\u0113m\u0113jam vai sa\u0146\u0113m\u0113jai sp\u0113s piemekl\u0113t vispiem\u0113rot\u0101ko preci!<\/p>\n<p><a href=\"https:\/\/shop.labi.lv\/lv\/int\u012bmpreces\/d\u0101vanu-kartes\/\">Vair\u0101k inform\u0101cijas par d\u0101vanu kart\u0113m<\/a>.<\/p>\n<h2>Erotisk\u0101 ve\u013ca<\/h2>\n<p>Int\u012bmpre\u010du sortiments ir patie\u0161\u0101m liels \u2014 sievie\u0161u un v\u012brie\u0161u <a href=\"https:\/\/shop.labi.lv\/lv\/int\u012bmpreces\/erotiska-vela\/\">erotiska ve\u013ca<\/a>, da\u017e\u0101di <a href=\"https:\/\/shop.labi.lv\/lv\/int\u012bmpreces\/kost\u012bmi-lomu-sp\u0113l\u0113m\/\">kost\u012bmi lomu sp\u0113l\u0113m<\/a>.<\/p>\n<div id='gallery-1' class='gallery galleryid-9 gallery-columns-3 gallery-size-thumbnail'><figure class='gallery-item'>\n\t\t\t<div class='gallery-icon landscape'>\n\t\t\t\t<a href='https:\/\/shop.labi.lv\/lv\/wp-content\/uploads\/2013\/08\/item_014.jpg'><img loading=\"lazy\" decoding=\"async\" width=\"150\" height=\"150\" src=\"https:\/\/shop.labi.lv\/lv\/wp-content\/uploads\/2013\/08\/item_014-150x150.jpg\" class=\"attachment-thumbnail size-thumbnail\" alt=\"Erotiska ve\u013ca\" aria-describedby=\"gallery-1-751\" srcset=\"https:\/\/shop.labi.lv\/lv\/wp-content\/uploads\/2013\/08\/item_014-150x150.jpg 150w, https:\/\/shop.labi.lv\/lv\/wp-content\/uploads\/2013\/08\/item_014-300x300.jpg 300w, https:\/\/shop.labi.lv\/lv\/wp-content\/uploads\/2013\/08\/item_014.jpg 450w\" sizes=\"auto, (max-width: 150px) 100vw, 150px\" \/><\/a>\n\t\t\t<\/div>\n\t\t\t\t<figcaption class='wp-caption-text gallery-caption' id='gallery-1-751'>\n\t\t\t\tErotiska ve\u013ca\n\t\t\t\t<\/figcaption><\/figure><figure class='gallery-item'>\n\t\t\t<div class='gallery-icon portrait'>\n\t\t\t\t<a href='https:\/\/shop.labi.lv\/lv\/wp-content\/uploads\/2013\/08\/575a.jpg'><img loading=\"lazy\" decoding=\"async\" width=\"150\" height=\"150\" src=\"https:\/\/shop.labi.lv\/lv\/wp-content\/uploads\/2013\/08\/575a-150x150.jpg\" class=\"attachment-thumbnail size-thumbnail\" alt=\"Stringi fraka\" aria-describedby=\"gallery-1-757\" \/><\/a>\n\t\t\t<\/div>\n\t\t\t\t<figcaption class='wp-caption-text gallery-caption' id='gallery-1-757'>\n\t\t\t\tStringi fraka\n\t\t\t\t<\/figcaption><\/figure><figure class='gallery-item'>\n\t\t\t<div class='gallery-icon landscape'>\n\t\t\t\t<a href='https:\/\/shop.labi.lv\/lv\/wp-content\/uploads\/2013\/08\/roxana_exc6339_01.jpg'><img loading=\"lazy\" decoding=\"async\" width=\"150\" height=\"150\" src=\"https:\/\/shop.labi.lv\/lv\/wp-content\/uploads\/2013\/08\/roxana_exc6339_01-150x150.jpg\" class=\"attachment-thumbnail size-thumbnail\" alt=\"Erotiska ve\u013ca\" aria-describedby=\"gallery-1-754\" \/><\/a>\n\t\t\t<\/div>\n\t\t\t\t<figcaption class='wp-caption-text gallery-caption' id='gallery-1-754'>\n\t\t\t\tErotiska ve\u013ca\n\t\t\t\t<\/figcaption><\/figure>\n\t\t<\/div>\n\n<p><a href=\"https:\/\/shop.labi.lv\/lv\/int\u012bmpreces\/erotiska-vela\/\">Vair\u0101k inform\u0101cijas par erotisko ve\u013cu<\/a>.<\/p>\n<h2>Farmakolo\u0123ija<\/h2>\n<p><a href=\"https:\/\/shop.labi.lv\/lv\/int\u012bmpreces\/farmakolo\u0123iski-prepar\u0101ti\/\">Farmakolo\u0123iski prepar\u0101ti<\/a> gan sieviet\u0113m, gan v\u012brie\u0161iem (<a href=\"https:\/\/shop.labi.lv\/lv\/int\u012bmpreces\/farmakolo\u0123iski-prepar\u0101ti\/\">uzbudin\u0101t\u0101ji<\/a>, <a href=\"https:\/\/shop.labi.lv\/lv\/int\u012bmpreces\/farmakolo\u0123iski-prepar\u0101ti\/\">l\u012bdzek\u013ci potences uzlabo\u0161anai<\/a>, <a href=\"https:\/\/shop.labi.lv\/lv\/int\u012bmpreces\/farmakolo\u0123iski-prepar\u0101ti\/\">lubrikanti<\/a>, <a href=\"https:\/\/shop.labi.lv\/lv\/int\u012bmpreces\/farmakolo\u0123iski-prepar\u0101ti\/\">l\u012bdzek\u013ci ilg\u0101kam dzimumaktam<\/a>, <a href=\"https:\/\/shop.labi.lv\/lv\/int\u012bmpreces\/farmakolo\u0123iski-prepar\u0101ti\/\">kr\u0113mi un prepar\u0101ti abiem partneriem<\/a>, mas\u0101\u017eas e\u013c\u013cas un sveces, k\u0101 ar\u012b dezinfic\u0113jo\u0161i t\u012br\u012b\u0161anas l\u012bdzek\u013ci seksa rota\u013cliet\u0101m).<\/p>\n<p><a href=\"https:\/\/shop.labi.lv\/lv\/int\u012bmpreces\/farmakolo\u0123iski-prepar\u0101ti\/\">Vair\u0101k inform\u0101cijas par farmakolo\u0123iskiem prepar\u0101tiem<\/a>.<\/p>\n<h2>Feromoni<\/h2>\n<p>Erotiskas smar\u017eas, <a href=\"https:\/\/shop.labi.lv\/lv\/int\u012bmpreces\/feromoni\/#perfume\">smar\u017eas ar feromoniem<\/a>, <a href=\"https:\/\/shop.labi.lv\/lv\/int\u012bmpreces\/feromoni\/#candles\">mas\u0101\u017eas sveces ar feromoniem<\/a> un <a href=\"https:\/\/shop.labi.lv\/lv\/int\u012bmpreces\/feromoni\/#oils\">mas\u0101\u017eas e\u013c\u013cas ar feromoniem<\/a>. Aicin\u0101m uzzin\u0101t, <a href=\"https:\/\/shop.labi.lv\/lv\/int\u012bmpreces\/feromoni\/\">kas ir feromoni<\/a> un <a href=\"https:\/\/shop.labi.lv\/lv\/raksti\/smar\u017eas-ar-feromoniem\/\">k\u0101dam nol\u016bkam tos lieto<\/a>.<\/p>\n<div id='gallery-2' class='gallery galleryid-9 gallery-columns-3 gallery-size-thumbnail'><figure class='gallery-item'>\n\t\t\t<div class='gallery-icon landscape'>\n\t\t\t\t<a href='https:\/\/shop.labi.lv\/lv\/wp-content\/uploads\/2013\/08\/hot_pheromone_twilight_man_01.jpg'><img loading=\"lazy\" decoding=\"async\" width=\"150\" height=\"150\" src=\"https:\/\/shop.labi.lv\/lv\/wp-content\/uploads\/2013\/08\/hot_pheromone_twilight_man_01-150x150.jpg\" class=\"attachment-thumbnail size-thumbnail\" alt=\"Twilight spray\" aria-describedby=\"gallery-2-795\" srcset=\"https:\/\/shop.labi.lv\/lv\/wp-content\/uploads\/2013\/08\/hot_pheromone_twilight_man_01-150x150.jpg 150w, https:\/\/shop.labi.lv\/lv\/wp-content\/uploads\/2013\/08\/hot_pheromone_twilight_man_01-300x300.jpg 300w, https:\/\/shop.labi.lv\/lv\/wp-content\/uploads\/2013\/08\/hot_pheromone_twilight_man_01.jpg 520w\" sizes=\"auto, (max-width: 150px) 100vw, 150px\" \/><\/a>\n\t\t\t<\/div>\n\t\t\t\t<figcaption class='wp-caption-text gallery-caption' id='gallery-2-795'>\n\t\t\t\tSmar\u017eas ar feromoniem Twilight spray\n\t\t\t\t<\/figcaption><\/figure><figure class='gallery-item'>\n\t\t\t<div class='gallery-icon landscape'>\n\t\t\t\t<a href='https:\/\/shop.labi.lv\/lv\/wp-content\/uploads\/2016\/12\/E26844_hr.jpg'><img loading=\"lazy\" decoding=\"async\" width=\"150\" height=\"150\" src=\"https:\/\/shop.labi.lv\/lv\/wp-content\/uploads\/2016\/12\/E26844_hr-150x150.jpg\" class=\"attachment-thumbnail size-thumbnail\" alt=\"Mas\u0101\u017eas e\u013c\u013ca ar feromoniem\" aria-describedby=\"gallery-2-2027\" srcset=\"https:\/\/shop.labi.lv\/lv\/wp-content\/uploads\/2016\/12\/E26844_hr-150x150.jpg 150w, https:\/\/shop.labi.lv\/lv\/wp-content\/uploads\/2016\/12\/E26844_hr-300x300.jpg 300w, https:\/\/shop.labi.lv\/lv\/wp-content\/uploads\/2016\/12\/E26844_hr.jpg 450w\" sizes=\"auto, (max-width: 150px) 100vw, 150px\" \/><\/a>\n\t\t\t<\/div>\n\t\t\t\t<figcaption class='wp-caption-text gallery-caption' id='gallery-2-2027'>\n\t\t\t\tMas\u0101\u017eas e\u013c\u013ca ar feromoniem\n\t\t\t\t<\/figcaption><\/figure><figure class='gallery-item'>\n\t\t\t<div class='gallery-icon landscape'>\n\t\t\t\t<a href='https:\/\/shop.labi.lv\/lv\/wp-content\/uploads\/2016\/12\/E26848_2_hr.jpg'><img loading=\"lazy\" decoding=\"async\" width=\"150\" height=\"150\" src=\"https:\/\/shop.labi.lv\/lv\/wp-content\/uploads\/2016\/12\/E26848_2_hr-150x150.jpg\" class=\"attachment-thumbnail size-thumbnail\" alt=\"Mas\u0101\u017eas svece ar feromoniem\" aria-describedby=\"gallery-2-2032\" srcset=\"https:\/\/shop.labi.lv\/lv\/wp-content\/uploads\/2016\/12\/E26848_2_hr-150x150.jpg 150w, https:\/\/shop.labi.lv\/lv\/wp-content\/uploads\/2016\/12\/E26848_2_hr-300x300.jpg 300w, https:\/\/shop.labi.lv\/lv\/wp-content\/uploads\/2016\/12\/E26848_2_hr.jpg 450w\" sizes=\"auto, (max-width: 150px) 100vw, 150px\" \/><\/a>\n\t\t\t<\/div>\n\t\t\t\t<figcaption class='wp-caption-text gallery-caption' id='gallery-2-2032'>\n\t\t\t\tMas\u0101\u017eas svece ar feromoniem\n\t\t\t\t<\/figcaption><\/figure>\n\t\t<\/div>\n\n<p><a href=\"https:\/\/shop.labi.lv\/lv\/int\u012bmpreces\/feromoni\/\">Vair\u0101k inform\u0101cijas par feromoniem<\/a>.<\/p>\n<h2>Pal\u012bgier\u012bces<\/h2>\n<p>Int\u012bmo pre\u010du grupa ietver sev\u012b ar\u012b da\u017e\u0101diem m\u0113r\u0137iem paredz\u0113tas pal\u012bgier\u012bces.<br \/>\n<a href=\"https:\/\/shop.labi.lv\/lv\/int\u012bmpreces\/pal\u012bgier\u012bces\/\">Pal\u012bgier\u012bces sieviet\u0113m<\/a>, <a href=\"https:\/\/shop.labi.lv\/lv\/int\u012bmpreces\/pal\u012bgier\u012bces\/\">v\u012brie\u0161iem<\/a> un <a href=\"https:\/\/shop.labi.lv\/lv\/int\u012bmpreces\/pal\u012bgier\u012bces\/\">abiem partneriem<\/a> (<a href=\"https:\/\/shop.labi.lv\/lv\/int\u012bmpreces\/pal\u012bgier\u012bces\/\">vibratori<\/a>, <a href=\"https:\/\/shop.labi.lv\/lv\/int\u012bmpreces\/pal\u012bgier\u012bces\/\">vakuums\u016bk\u0146i<\/a> un to aksesu\u0101ri, <a href=\"https:\/\/shop.labi.lv\/lv\/int\u012bmpreces\/pal\u012bgier\u012bces\/\">erekcijas gredzeni<\/a>, <a href=\"https:\/\/shop.labi.lv\/lv\/int\u012bmpreces\/pal\u012bgier\u012bces\/\">piep\u016b\u0161am\u0101s lelles<\/a>, <a href=\"https:\/\/shop.labi.lv\/lv\/int\u012bmpreces\/pal\u012bgier\u012bces\/\">m\u0101ksl\u012bgas vag\u012bnas<\/a>, <a href=\"https:\/\/shop.labi.lv\/lv\/int\u012bmpreces\/pal\u012bgier\u012bces\/\">mas\u0101\u017eas ier\u012bces<\/a>, <a href=\"https:\/\/shop.labi.lv\/lv\/int\u012bmpreces\/pal\u012bgier\u012bces\/\">dildo jeb falla imit\u0101tori<\/a>, <a href=\"https:\/\/shop.labi.lv\/lv\/int\u012bmpreces\/pal\u012bgier\u012bces\/\">vagin\u0101l\u0101s un an\u0101l\u0101s bumbi\u0146as<\/a>, <a href=\"https:\/\/shop.labi.lv\/lv\/int\u012bmpreces\/pal\u012bgier\u012bces\/\">uzmavas un man\u0161etes<\/a> loceklim vai vibratoram, k\u0101 ar\u012b <a href=\"https:\/\/shop.labi.lv\/lv\/int\u012bmpreces\/pal\u012bgier\u012bces\/\">locek\u013ca prot\u0113zes<\/a>).<\/p>\n<div id='gallery-3' class='gallery galleryid-9 gallery-columns-3 gallery-size-thumbnail'><figure class='gallery-item'>\n\t\t\t<div class='gallery-icon landscape'>\n\t\t\t\t<a href='https:\/\/shop.labi.lv\/lv\/wp-content\/uploads\/2013\/08\/3000000976_21.jpg'><img loading=\"lazy\" decoding=\"async\" width=\"150\" height=\"150\" src=\"https:\/\/shop.labi.lv\/lv\/wp-content\/uploads\/2013\/08\/3000000976_21-150x150.jpg\" class=\"attachment-thumbnail size-thumbnail\" alt=\"Kr\u016b\u0161u s\u016bknis\" aria-describedby=\"gallery-3-812\" srcset=\"https:\/\/shop.labi.lv\/lv\/wp-content\/uploads\/2013\/08\/3000000976_21-150x150.jpg 150w, https:\/\/shop.labi.lv\/lv\/wp-content\/uploads\/2013\/08\/3000000976_21-300x300.jpg 300w, https:\/\/shop.labi.lv\/lv\/wp-content\/uploads\/2013\/08\/3000000976_21.jpg 450w\" sizes=\"auto, (max-width: 150px) 100vw, 150px\" \/><\/a>\n\t\t\t<\/div>\n\t\t\t\t<figcaption class='wp-caption-text gallery-caption' id='gallery-3-812'>\n\t\t\t\tKr\u016b\u0161u s\u016bknis\n\t\t\t\t<\/figcaption><\/figure><figure class='gallery-item'>\n\t\t\t<div class='gallery-icon landscape'>\n\t\t\t\t<a href='https:\/\/shop.labi.lv\/lv\/wp-content\/uploads\/2013\/08\/japan_shadow_vibe_001.jpg'><img loading=\"lazy\" decoding=\"async\" width=\"150\" height=\"150\" src=\"https:\/\/shop.labi.lv\/lv\/wp-content\/uploads\/2013\/08\/japan_shadow_vibe_001-150x150.jpg\" class=\"attachment-thumbnail size-thumbnail\" alt=\"Jap\u0101\u0146u vibratiors Shadow\" aria-describedby=\"gallery-3-816\" srcset=\"https:\/\/shop.labi.lv\/lv\/wp-content\/uploads\/2013\/08\/japan_shadow_vibe_001-150x150.jpg 150w, https:\/\/shop.labi.lv\/lv\/wp-content\/uploads\/2013\/08\/japan_shadow_vibe_001-300x300.jpg 300w, https:\/\/shop.labi.lv\/lv\/wp-content\/uploads\/2013\/08\/japan_shadow_vibe_001.jpg 450w\" sizes=\"auto, (max-width: 150px) 100vw, 150px\" \/><\/a>\n\t\t\t<\/div>\n\t\t\t\t<figcaption class='wp-caption-text gallery-caption' id='gallery-3-816'>\n\t\t\t\tJap\u0101\u0146u vibratiors Shadow\n\t\t\t\t<\/figcaption><\/figure><figure class='gallery-item'>\n\t\t\t<div class='gallery-icon landscape'>\n\t\t\t\t<a href='https:\/\/shop.labi.lv\/lv\/wp-content\/uploads\/2013\/08\/pd2711-00_a.jpg'><img loading=\"lazy\" decoding=\"async\" width=\"150\" height=\"150\" src=\"https:\/\/shop.labi.lv\/lv\/wp-content\/uploads\/2013\/08\/pd2711-00_a-150x150.jpg\" class=\"attachment-thumbnail size-thumbnail\" alt=\"Ben Wa bumbi\u0146as\" aria-describedby=\"gallery-3-821\" srcset=\"https:\/\/shop.labi.lv\/lv\/wp-content\/uploads\/2013\/08\/pd2711-00_a-150x150.jpg 150w, https:\/\/shop.labi.lv\/lv\/wp-content\/uploads\/2013\/08\/pd2711-00_a-300x300.jpg 300w, https:\/\/shop.labi.lv\/lv\/wp-content\/uploads\/2013\/08\/pd2711-00_a.jpg 450w\" sizes=\"auto, (max-width: 150px) 100vw, 150px\" \/><\/a>\n\t\t\t<\/div>\n\t\t\t\t<figcaption class='wp-caption-text gallery-caption' id='gallery-3-821'>\n\t\t\t\tBen Wa bumbi\u0146as\n\t\t\t\t<\/figcaption><\/figure>\n\t\t<\/div>\n\n<p><a href=\"https:\/\/shop.labi.lv\/lv\/int\u012bmpreces\/pal\u012bgier\u012bces\/\">Vair\u0101k inform\u0101cijas par pal\u012bgier\u012bc\u0113m<\/a>.<\/p>\n<h2>Prezervat\u012bvi<\/h2>\n<p>Kontracepcijas l\u012bdzek\u013cu pla\u0161a izv\u0113le. Pied\u0101v\u0101jam <a href=\"https:\/\/shop.labi.lv\/lv\/int\u012bmpreces\/prezervat\u012bvi\/#latex\">prezervat\u012bvus no lateksa<\/a> (tie m\u0113dz b\u016bt da\u017e\u0101d\u0101s kr\u0101s\u0101s, ar gar\u0161\u0101m, ar izci\u013c\u0146iem, pl\u0101ni), k\u0101 ar\u012b \u012bpa\u0161us <a href=\"https:\/\/shop.labi.lv\/lv\/int\u012bmpreces\/prezervat\u012bvi\/#sagami\">prezervat\u012bvus no poliuret\u0101na<\/a> bez lateksa (tie ir nealer\u0123iski, \u012bpa\u0161i iztur\u012bgi un \u013coti pl\u0101ni). T\u0101pat pied\u0101v\u0101jam ieg\u0101d\u0101ties <a href=\"https:\/\/shop.labi.lv\/lv\/int\u012bmpreces\/prezervat\u012bvi\/#femidom\">prezervat\u012bvus, kas \u012bpa\u0161i paredz\u0113ti sieviet\u0113m<\/a>!<\/p>\n<p><a href=\"https:\/\/shop.labi.lv\/lv\/int\u012bmpreces\/prezervat\u012bvi\/\">Vair\u0101k inform\u0101cijas par prezervat\u012bviem<\/a>.<\/p>\n<h2>BDSM un feti\u0161s<\/h2>\n<p>Da\u017e\u0101di int\u012bmi aksesu\u0101ri <a href=\"https:\/\/shop.labi.lv\/lv\/int\u012bmpreces\/bdsm-aksesu\u0101ri-un-feti\u0161s\/\">BDSM<\/a> un <a href=\"https:\/\/shop.labi.lv\/lv\/int\u012bmpreces\/bdsm-aksesu\u0101ri-un-feti\u0161s\/\">feti\u0161a faniem<\/a> \u2014 <a href=\"https:\/\/shop.labi.lv\/lv\/int\u012bmpreces\/bdsm-aksesu\u0101ri-un-feti\u0161s\/\">maskas<\/a> un <a href=\"https:\/\/shop.labi.lv\/lv\/int\u012bmpreces\/bdsm-aksesu\u0101ri-un-feti\u0161s\/\">kost\u012bmi<\/a>, <a href=\"https:\/\/shop.labi.lv\/lv\/int\u012bmpreces\/bdsm-aksesu\u0101ri-un-feti\u0161s\/\">pletnes<\/a>, <a href=\"https:\/\/shop.labi.lv\/lv\/int\u012bmpreces\/bdsm-aksesu\u0101ri-un-feti\u0161s\/\">p\u0101tagas<\/a>, <a href=\"https:\/\/shop.labi.lv\/lv\/int\u012bmpreces\/bdsm-aksesu\u0101ri-un-feti\u0161s\">steki<\/a>, <a href=\"https:\/\/shop.labi.lv\/lv\/int\u012bmpreces\/bdsm-aksesu\u0101ri-un-feti\u0161s\/\">rokudzel\u017ei<\/a>, <a href=\"https:\/\/shop.labi.lv\/lv\/int\u012bmpreces\/bdsm-aksesu\u0101ri-un-feti\u0161s\/\">spalvas kutin\u0101\u0161anai<\/a>, k\u0101 ar\u012b <a href=\"https:\/\/shop.labi.lv\/lv\/int\u012bmpreces\/bdsm-aksesu\u0101ri-un-feti\u0161s\/\">virves<\/a> un <a href=\"https:\/\/shop.labi.lv\/lv\/int\u012bmpreces\/bdsm-aksesu\u0101ri-un-feti\u0161s\/\">man\u017eetes<\/a>. Iedvesmu sav\u0101m <a href=\"https:\/\/shop.labi.lv\/lv\/int\u012bmpreces\/bdsm-aksesu\u0101ri-un-feti\u0161s\/\">BDSM fant\u0101zij\u0101m<\/a> var smelties <a href=\"https:\/\/shop.labi.lv\/lv\/pakalpojumi\/barg\u0101s-kundzes-budu\u0101rs\/\">Barg\u0101s Kundzes budu\u0101r\u0101<\/a>!<\/p>\n<div id='gallery-4' class='gallery galleryid-9 gallery-columns-3 gallery-size-thumbnail'><figure class='gallery-item'>\n\t\t\t<div class='gallery-icon landscape'>\n\t\t\t\t<a href='https:\/\/shop.labi.lv\/lv\/wp-content\/uploads\/2013\/08\/24903311000.jpg'><img loading=\"lazy\" decoding=\"async\" width=\"150\" height=\"150\" src=\"https:\/\/shop.labi.lv\/lv\/wp-content\/uploads\/2013\/08\/24903311000-150x150.jpg\" class=\"attachment-thumbnail size-thumbnail\" alt=\"Steki\" aria-describedby=\"gallery-4-825\" srcset=\"https:\/\/shop.labi.lv\/lv\/wp-content\/uploads\/2013\/08\/24903311000-150x150.jpg 150w, https:\/\/shop.labi.lv\/lv\/wp-content\/uploads\/2013\/08\/24903311000-300x300.jpg 300w, https:\/\/shop.labi.lv\/lv\/wp-content\/uploads\/2013\/08\/24903311000.jpg 650w\" sizes=\"auto, (max-width: 150px) 100vw, 150px\" \/><\/a>\n\t\t\t<\/div>\n\t\t\t\t<figcaption class='wp-caption-text gallery-caption' id='gallery-4-825'>\n\t\t\t\tSteki\n\t\t\t\t<\/figcaption><\/figure><figure class='gallery-item'>\n\t\t\t<div class='gallery-icon landscape'>\n\t\t\t\t<a href='https:\/\/shop.labi.lv\/lv\/wp-content\/uploads\/2013\/08\/05305490000.jpg'><img loading=\"lazy\" decoding=\"async\" width=\"150\" height=\"150\" src=\"https:\/\/shop.labi.lv\/lv\/wp-content\/uploads\/2013\/08\/05305490000-150x150.jpg\" class=\"attachment-thumbnail size-thumbnail\" alt=\"Pletne\" aria-describedby=\"gallery-4-824\" srcset=\"https:\/\/shop.labi.lv\/lv\/wp-content\/uploads\/2013\/08\/05305490000-150x150.jpg 150w, https:\/\/shop.labi.lv\/lv\/wp-content\/uploads\/2013\/08\/05305490000-300x300.jpg 300w, https:\/\/shop.labi.lv\/lv\/wp-content\/uploads\/2013\/08\/05305490000.jpg 500w\" sizes=\"auto, (max-width: 150px) 100vw, 150px\" \/><\/a>\n\t\t\t<\/div>\n\t\t\t\t<figcaption class='wp-caption-text gallery-caption' id='gallery-4-824'>\n\t\t\t\tPletne\n\t\t\t\t<\/figcaption><\/figure><figure class='gallery-item'>\n\t\t\t<div class='gallery-icon landscape'>\n\t\t\t\t<a href='https:\/\/shop.labi.lv\/lv\/wp-content\/uploads\/2013\/08\/24907731000.jpg'><img loading=\"lazy\" decoding=\"async\" width=\"150\" height=\"150\" src=\"https:\/\/shop.labi.lv\/lv\/wp-content\/uploads\/2013\/08\/24907731000-150x150.jpg\" class=\"attachment-thumbnail size-thumbnail\" alt=\"SM komplekts\" aria-describedby=\"gallery-4-826\" srcset=\"https:\/\/shop.labi.lv\/lv\/wp-content\/uploads\/2013\/08\/24907731000-150x150.jpg 150w, https:\/\/shop.labi.lv\/lv\/wp-content\/uploads\/2013\/08\/24907731000-300x300.jpg 300w, https:\/\/shop.labi.lv\/lv\/wp-content\/uploads\/2013\/08\/24907731000.jpg 550w\" sizes=\"auto, (max-width: 150px) 100vw, 150px\" \/><\/a>\n\t\t\t<\/div>\n\t\t\t\t<figcaption class='wp-caption-text gallery-caption' id='gallery-4-826'>\n\t\t\t\tSM komplekts\n\t\t\t\t<\/figcaption><\/figure>\n\t\t<\/div>\n\n<p><a href=\"https:\/\/shop.labi.lv\/lv\/int\u012bmpreces\/bdsm-aksesu\u0101ri-un-feti\u0161s\/\">Vair\u0101k inform\u0101cijas par BDSM un Feti\u0161u<\/a>.<\/p>\n<h2>DVD un Blu-ray diski<\/h2>\n<p>Video produkcijai (porno &#8211; pornogr\u0101fiskas filmas, xxx filmas un sex filmas) pla\u0161s kl\u0101sts par norm\u0101l\u0101m cen\u0101m, s\u0101kot no 7,11\u00a0\u20ac. Ir pieejama DVD disku p\u0101rdo\u0161ana, noma un apmai\u0146a. Pied\u0101v\u0101jam ne tikai DVD diskus, bet ar\u012b <a href=\"https:\/\/shop.labi.lv\/lv\/int\u012bmpreces\/dvd-un-blu-ray-diski\/\">Blu-ray diskus<\/a> un <a href=\"https:\/\/shop.labi.lv\/lv\/int\u012bmpreces\/dvd-un-blu-ray-diski\/\">Blu-ray 3D<\/a> diskus!<\/p>\n<blockquote><p>It viss J\u016bsu digit\u0101lajai aparat\u016brai lielisk\u0101 kvalit\u0101t\u0113!<\/p><\/blockquote>\n<p><a href=\"https:\/\/shop.labi.lv\/lv\/int\u012bmpreces\/dvd-un-blu-ray-diski\/\">Vair\u0101k inform\u0101cijas par DVD un Blu-ray diskiem<\/a>.<\/p>\n<h2>Suven\u012bri<\/h2>\n<p>Pla\u0161\u0101 kl\u0101st\u0101 ar\u012b <a href=\"https:\/\/shop.labi.lv\/lv\/int\u012bmpreces\/suven\u012bri\/\">erotiski suven\u012bri<\/a>.<\/p>\n<div id='gallery-5' class='gallery galleryid-9 gallery-columns-3 gallery-size-thumbnail'><figure class='gallery-item'>\n\t\t\t<div class='gallery-icon landscape'>\n\t\t\t\t<a href='https:\/\/shop.labi.lv\/lv\/wp-content\/uploads\/2013\/08\/wild_willies_boys_101.jpg'><img loading=\"lazy\" decoding=\"async\" width=\"150\" height=\"150\" src=\"https:\/\/shop.labi.lv\/lv\/wp-content\/uploads\/2013\/08\/wild_willies_boys_101-150x150.jpg\" class=\"attachment-thumbnail size-thumbnail\" alt=\"Atsl\u0113gu piekari\u0146\u0161\" aria-describedby=\"gallery-5-836\" srcset=\"https:\/\/shop.labi.lv\/lv\/wp-content\/uploads\/2013\/08\/wild_willies_boys_101-150x150.jpg 150w, https:\/\/shop.labi.lv\/lv\/wp-content\/uploads\/2013\/08\/wild_willies_boys_101-300x300.jpg 300w, https:\/\/shop.labi.lv\/lv\/wp-content\/uploads\/2013\/08\/wild_willies_boys_101.jpg 600w\" sizes=\"auto, (max-width: 150px) 100vw, 150px\" \/><\/a>\n\t\t\t<\/div>\n\t\t\t\t<figcaption class='wp-caption-text gallery-caption' id='gallery-5-836'>\n\t\t\t\tAtsl\u0113gu piekari\u0146\u0161\n\t\t\t\t<\/figcaption><\/figure><figure class='gallery-item'>\n\t\t\t<div class='gallery-icon landscape'>\n\t\t\t\t<a href='https:\/\/shop.labi.lv\/lv\/wp-content\/uploads\/2013\/08\/cube_i_love_you_01.jpg'><img loading=\"lazy\" decoding=\"async\" width=\"150\" height=\"150\" src=\"https:\/\/shop.labi.lv\/lv\/wp-content\/uploads\/2013\/08\/cube_i_love_you_01-150x150.jpg\" class=\"attachment-thumbnail size-thumbnail\" alt=\"Cube - I love you\" aria-describedby=\"gallery-5-831\" srcset=\"https:\/\/shop.labi.lv\/lv\/wp-content\/uploads\/2013\/08\/cube_i_love_you_01-150x150.jpg 150w, https:\/\/shop.labi.lv\/lv\/wp-content\/uploads\/2013\/08\/cube_i_love_you_01-300x300.jpg 300w, https:\/\/shop.labi.lv\/lv\/wp-content\/uploads\/2013\/08\/cube_i_love_you_01.jpg 450w\" sizes=\"auto, (max-width: 150px) 100vw, 150px\" \/><\/a>\n\t\t\t<\/div>\n\t\t\t\t<figcaption class='wp-caption-text gallery-caption' id='gallery-5-831'>\n\t\t\t\tRubika kubs\n\t\t\t\t<\/figcaption><\/figure><figure class='gallery-item'>\n\t\t\t<div class='gallery-icon landscape'>\n\t\t\t\t<a href='https:\/\/shop.labi.lv\/lv\/wp-content\/uploads\/2013\/08\/light_up_glow_001.jpg'><img loading=\"lazy\" decoding=\"async\" width=\"150\" height=\"150\" src=\"https:\/\/shop.labi.lv\/lv\/wp-content\/uploads\/2013\/08\/light_up_glow_001-150x150.jpg\" class=\"attachment-thumbnail size-thumbnail\" alt=\"Suven\u012brs\" aria-describedby=\"gallery-5-833\" srcset=\"https:\/\/shop.labi.lv\/lv\/wp-content\/uploads\/2013\/08\/light_up_glow_001-150x150.jpg 150w, https:\/\/shop.labi.lv\/lv\/wp-content\/uploads\/2013\/08\/light_up_glow_001-300x300.jpg 300w, https:\/\/shop.labi.lv\/lv\/wp-content\/uploads\/2013\/08\/light_up_glow_001.jpg 450w\" sizes=\"auto, (max-width: 150px) 100vw, 150px\" \/><\/a>\n\t\t\t<\/div>\n\t\t\t\t<figcaption class='wp-caption-text gallery-caption' id='gallery-5-833'>\n\t\t\t\tSuven\u012brs\n\t\t\t\t<\/figcaption><\/figure>\n\t\t<\/div>\n\n<p><a href=\"https:\/\/shop.labi.lv\/lv\/int\u012bmpreces\/suven\u012bri\/\">Vair\u0101k inform\u0101cijas par suven\u012briem<\/a>.<\/p>\n","protected":false},"excerpt":{"rendered":"<p>Int\u012bmpreces, preces seksam, int\u012bm\u0101s preces jeb seksa preces \u2014 salonos \u201eLABI\u201d un interneta veikal\u0101 \u201eTEV.LV\u201d J\u016bs varat t\u0101s ieg\u0101d\u0101ties par&hellip;<\/p>\n","protected":false},"author":1,"featured_media":0,"parent":0,"menu_order":2,"comment_status":"closed","ping_status":"closed","template":"","meta":{"footnotes":""},"class_list":["post-9","page","type-page","status-publish","hentry"],"_links":{"self":[{"href":"https:\/\/shop.labi.lv\/lv\/wp-json\/wp\/v2\/pages\/9","targetHints":{"allow":["GET"]}}],"collection":[{"href":"https:\/\/shop.labi.lv\/lv\/wp-json\/wp\/v2\/pages"}],"about":[{"href":"https:\/\/shop.labi.lv\/lv\/wp-json\/wp\/v2\/types\/page"}],"author":[{"embeddable":true,"href":"https:\/\/shop.labi.lv\/lv\/wp-json\/wp\/v2\/users\/1"}],"replies":[{"embeddable":true,"href":"https:\/\/shop.labi.lv\/lv\/wp-json\/wp\/v2\/comments?post=9"}],"version-history":[{"count":107,"href":"https:\/\/shop.labi.lv\/lv\/wp-json\/wp\/v2\/pages\/9\/revisions"}],"predecessor-version":[{"id":5326,"href":"https:\/\/shop.labi.lv\/lv\/wp-json\/wp\/v2\/pages\/9\/revisions\/5326"}],"wp:attachment":[{"href":"https:\/\/shop.labi.lv\/lv\/wp-json\/wp\/v2\/media?parent=9"}],"curies":[{"name":"wp","href":"https:\/\/api.w.org\/{rel}","templated":true}]}}